{"id":1129,"date":"2023-06-01T18:41:27","date_gmt":"2023-06-01T16:41:27","guid":{"rendered":"https:\/\/dailycup.pl\/?page_id=1129"},"modified":"2023-11-27T11:45:58","modified_gmt":"2023-11-27T10:45:58","slug":"wspolpraca","status":"publish","type":"page","link":"https:\/\/dailycup.pl\/en\/wspolpraca\/","title":{"rendered":"Partnership"},"content":{"rendered":"<div class=\"wp-block-stackable-columns alignfull stk-block-columns stk-block stk-1284f2b stk-block-background stk-entrance\" data-block-id=\"1284f2b\"><style>.stk-1284f2b .stk--block-align-1284f2b{align-items:center !important}.stk-1284f2b{background-color:var(--theme-palette-color-8,#F8F4E6) !important;padding-top:0px !important;padding-right:0px !important;padding-bottom:0px !important;padding-left:0px !important;margin-right:50px !important;margin-bottom:0px !important;margin-left:50px !important}.stk-1284f2b:before{background-color:var(--theme-palette-color-8,#F8F4E6) !important}.stk-1284f2b-column{row-gap:0px !important;justify-content:center !important}@media screen and (max-width:1023px){.stk-1284f2b{padding-right:30px !important;padding-bottom:0px !important;padding-left:30px !important;margin-right:25px !important;margin-left:25px !important}}@media screen and (max-width:767px){.stk-1284f2b{padding-top:0px !important;padding-right:15px !important;padding-bottom:0px !important;padding-left:15px !important}}<\/style><div class=\"stk-row stk-inner-blocks has-text-align-center stk--block-align-1284f2b stk-block-content stk-content-align stk-1284f2b-column stk--flex\">\n<div class=\"wp-block-stackable-column stk-block-column stk-column stk-block stk-281a693\" data-v=\"4\" data-block-id=\"281a693\"><style>.stk-281a693-container{margin-top:0px !important;margin-right:0px !important;margin-bottom:0px !important;margin-left:0px !important;min-height:500px !important}.stk-281a693-inner-blocks{justify-content:center !important}.stk-281a693{align-items:center !important;padding-top:50px !important;padding-bottom:50px !important;margin-right:auto !important;margin-left:auto !important;display:flex !important}@media screen and (max-width:1023px){.stk-281a693{min-height:0px !important;padding-top:0px !important;padding-right:0px !important;padding-bottom:0px !important;padding-left:0px !important}.stk-281a693-container{min-height:400px !important}}@media screen and (max-width:767px){.stk-281a693{padding-bottom:0px !important}}<\/style><div class=\"stk-column-wrapper stk-block-column__content stk-container stk-281a693-container stk--no-background stk--no-padding\"><div class=\"has-text-align-center stk--column-flex stk-block-content stk-inner-blocks stk-281a693-inner-blocks\">\n<div class=\"wp-block-stackable-heading aligncenter stk-block-heading stk-block-heading--v2 stk-block stk-572946e\" id=\"lokalna-palarnia-kawy-jakosci-speciality\" data-block-id=\"572946e\"><style>.stk-572946e{padding-bottom:0px !important;margin-right:auto !important;margin-bottom:0px !important;margin-left:0px !important}.stk-572946e .stk-block-heading__text{font-size:70px !important;color:var(--theme-palette-color-4,#000000) !important}@media screen and (max-width:1023px){.stk-572946e .stk-block-heading__text{font-size:50px !important}}<\/style><h1 class=\"stk-block-heading__text has-text-color has-text-align-center has-text-align-center-mobile stk-block-heading--use-theme-margins\">Partnership<\/h1><\/div>\n\n\n\n<div class=\"wp-block-stackable-text stk-block-text stk-block stk-4033b31\" data-block-id=\"4033b31\"><p class=\"stk-block-text__text has-text-align-center\">We look forward to working with you<\/p><\/div>\n<\/div><\/div><\/div>\n<\/div><\/div>\n\n\n\n<div class=\"wp-block-stackable-columns stk-block-columns stk-block stk-4a43386\" data-block-id=\"4a43386\"><style>.stk-4a43386{margin-top:80px !important}@media screen and (max-width:767px){.stk-4a43386{margin-top:45px !important}}<\/style><div class=\"stk-row stk-inner-blocks stk-block-content stk-content-align stk-4a43386-column\">\n<div class=\"wp-block-stackable-column stk-block-column stk-column stk-block stk-b7550b6\" data-v=\"4\" data-block-id=\"b7550b6\"><div class=\"stk-column-wrapper stk-block-column__content stk-container stk-b7550b6-container stk--no-background stk--no-padding\"><div class=\"stk-block-content stk-inner-blocks stk-b7550b6-inner-blocks\">\n<div class=\"wp-block-stackable-text stk-block-text stk-block stk-02429da\" data-block-id=\"02429da\"><style>.stk-02429da{border-style:solid !important;border-top-width:0px !important;border-right-width:0px !important;border-bottom-width:1px !important;border-left-width:0px !important;padding-right:0px !important;padding-bottom:40px !important;padding-left:0px !important}@media screen and (max-width:1023px){.stk-02429da{padding-right:0px !important;padding-left:0px !important}}@media screen and (max-width:767px){.stk-02429da{padding-right:0px !important;padding-left:0px !important}}<\/style><p class=\"stk-block-text__text has-text-align-left translation-block\">Coffee is not just a beverage! It's an extraordinary experience. It is at once a daily ritual that stimulates creativity, strengthens relationships and fills workplaces, cafes, restaurants and hotels with inviting aroma and warmth. At <em>Daily Cup<\/em>, we understand the importance of this daily ritual and are here to enhance your business with our exceptional coffee.<\/p><\/div>\n<\/div><\/div><\/div>\n<\/div><\/div>\n\n\n\n<div class=\"wp-block-stackable-columns stk-block-columns stk-block stk-7b6761e\" data-block-id=\"7b6761e\"><style>.stk-7b6761e{padding-top:80px !important;padding-bottom:80px !important;margin-bottom:60px !important}@media screen and (max-width:767px){.stk-7b6761e{padding-top:30px !important;padding-bottom:30px !important;margin-bottom:30px !important}}<\/style><div class=\"stk-row stk-inner-blocks stk-block-content stk-content-align stk-7b6761e-column\">\n<div class=\"wp-block-stackable-column stk-block-column stk-column stk-block stk-0ccc2dc\" data-v=\"4\" data-block-id=\"0ccc2dc\"><style>.stk-0ccc2dc{align-items:center !important;padding-right:40px !important;display:flex !important}@media screen and (max-width:767px){.stk-0ccc2dc{padding-right:0px !important;margin-bottom:30px !important}}<\/style><div class=\"stk-column-wrapper stk-block-column__content stk-container stk-0ccc2dc-container stk--no-background stk--no-padding\"><div class=\"stk-block-content stk-inner-blocks stk-0ccc2dc-inner-blocks\">\n<div class=\"wp-block-stackable-heading stk-block-heading stk-block-heading--v2 stk-block stk-9421017\" id=\"dlaczego-nasza-kawa\" data-block-id=\"9421017\"><h2 class=\"stk-block-heading__text\">Why our coffee?<\/h2><\/div>\n\n\n\n<p>At the heart of every cup of coffee are the beans, and at Daily Cup we are passionate about sourcing and roasting the best beans from around the world.<\/p>\n\n\n\n<p>We offer a selection of specialty beans, roasted for espresso or pour-over methods, each with its own unique character.<\/p>\n\n\n\n<p>Whether it's the rich, fruity notes of our Ethiopian Yirgacheffe or the bold, chocolaty tones of our Colombian Supremo, our coffee has been roasted to delight the palates of coffee connoisseurs and the wider public alike.<\/p>\n\n\n\n<ul class=\"wp-block-list\">\n<li>We focus on the highest coffee bean quality<\/li>\n\n\n\n<li>We roast our coffee with the utmost care to get the best taste<\/li>\n\n\n\n<li>Always freshly roasted coffee<\/li>\n\n\n\n<li>Local brand committed to continuous improvement and development<\/li>\n\n\n\n<li>Attractive prices compared to product quality<\/li>\n<\/ul>\n<\/div><\/div><\/div>\n\n\n\n<div class=\"wp-block-stackable-column stk-block-column stk-column stk-block stk-4c1ebcd\" data-v=\"4\" data-block-id=\"4c1ebcd\"><div class=\"stk-column-wrapper stk-block-column__content stk-container stk-4c1ebcd-container stk--no-background stk--no-padding\"><div class=\"stk-block-content stk-inner-blocks stk-4c1ebcd-inner-blocks\">\n<div class=\"wp-block-stackable-image stk-block-image has-text-align-center stk-block stk-391a918\" data-block-id=\"391a918\"><style>.stk-391a918{margin-top:0px !important;margin-right:0px !important;margin-bottom:50px !important;margin-left:0px !important}.stk-391a918 .stk-img-wrapper{width:77% !important;height:576px !important}@media screen and (max-width:1023px){.stk-391a918 .stk-img-wrapper{width:100% !important;height:942px !important}}@media screen and (max-width:767px){.stk-391a918{margin-bottom:0px !important}.stk-391a918 .stk-img-wrapper{width:100% !important;height:300px !important}.stk-391a918 .stk-img-wrapper img{object-position:50% 95% !important}}<\/style><figure><div class=\"stk-img-wrapper stk-image--shape-stretch\"><img loading=\"lazy\" decoding=\"async\" class=\"stk-img wp-image-1853\" src=\"https:\/\/dailycup.pl\/wp-content\/uploads\/2023\/10\/dailycup-wspolpraca.webp\" width=\"1300\" height=\"1637\" alt=\"\" title=\"\" srcset=\"https:\/\/dailycup.pl\/wp-content\/uploads\/2023\/10\/dailycup-wspolpraca.webp 1300w, https:\/\/dailycup.pl\/wp-content\/uploads\/2023\/10\/dailycup-wspolpraca-600x756.webp 600w, https:\/\/dailycup.pl\/wp-content\/uploads\/2023\/10\/dailycup-wspolpraca-238x300.webp 238w, https:\/\/dailycup.pl\/wp-content\/uploads\/2023\/10\/dailycup-wspolpraca-813x1024.webp 813w, https:\/\/dailycup.pl\/wp-content\/uploads\/2023\/10\/dailycup-wspolpraca-768x967.webp 768w, https:\/\/dailycup.pl\/wp-content\/uploads\/2023\/10\/dailycup-wspolpraca-1220x1536.webp 1220w\" sizes=\"auto, (max-width: 1300px) 100vw, 1300px\" \/><\/div><\/figure><\/div>\n<\/div><\/div><\/div>\n<\/div><\/div>\n\n\n\n<div class=\"wp-block-stackable-columns alignfull stk-block-columns stk-block stk-95aa6da stk-block-background\" data-block-id=\"95aa6da\"><style>.stk-95aa6da{background-color:var(--theme-palette-color-8,#F8F4E6) !important;padding-top:80px !important;padding-right:20px !important;padding-bottom:40px !important;padding-left:20px !important;margin-bottom:0px !important}.stk-95aa6da:before{background-color:var(--theme-palette-color-8,#F8F4E6) !important}@media screen and (max-width:767px){.stk-95aa6da{padding-top:45px !important;padding-bottom:0px !important;margin-bottom:0px !important}}<\/style><div class=\"stk-row stk-inner-blocks stk-block-content stk-content-align stk-95aa6da-column\">\n<div class=\"wp-block-stackable-column stk-block-column stk-column stk-block stk-4dfdd86\" data-v=\"4\" id=\"kawa-dla-restauracji\" data-block-id=\"4dfdd86\"><style>@media screen and (min-width:768px){.stk-4dfdd86{flex:1 1 calc(33.333% - var(--stk-column-gap,0px) * 2 \/ 3 ) !important}}@media screen and (max-width:1023px){.stk-4dfdd86-container{margin-top:8px !important;margin-right:8px !important;margin-bottom:8px !important;margin-left:8px !important}}@media screen and (max-width:767px){.stk-4dfdd86{margin-bottom:30px !important}}<\/style><div class=\"stk-column-wrapper stk-block-column__content stk-container stk-4dfdd86-container stk--no-background stk--no-padding\"><div class=\"stk-block-content stk-inner-blocks stk-4dfdd86-inner-blocks\">\n<div class=\"wp-block-stackable-heading stk-block-heading stk-block-heading--v2 stk-block stk-e95ed0b\" id=\"kawa-dla-firmy\" data-block-id=\"e95ed0b\"><style>.stk-e95ed0b{margin-bottom:16px !important}@media screen and (max-width:767px){.stk-e95ed0b{margin-bottom:10px !important}}<\/style><h3 class=\"stk-block-heading__text has-text-align-left\">Coffee for business<\/h3><\/div>\n\n\n\n<div class=\"wp-block-stackable-text stk-block-text stk-block stk-0b256b5\" id=\"wypalamy-wylacznie-kawe-wysokiej-jakosci-kazda-kawa-przez-nas-wypalana-przechodzi-wewnetrzna-selekcje\" data-block-id=\"0b256b5\"><p class=\"stk-block-text__text has-text-align-left\">We only roast high-quality 100% Arabica coffee. Every coffee we roast goes through an internal selection.<\/p><\/div>\n<\/div><\/div><\/div>\n\n\n\n<div class=\"wp-block-stackable-column stk-block-column stk-column stk-block stk-42cedfa\" data-v=\"4\" id=\"kawa-dla-restauracji\" data-block-id=\"42cedfa\"><style>@media screen and (min-width:768px){.stk-42cedfa{flex:1 1 calc(33.333% - var(--stk-column-gap,0px) * 2 \/ 3 ) !important}}@media screen and (max-width:1023px){.stk-42cedfa-container{margin-top:8px !important;margin-right:8px !important;margin-bottom:8px !important;margin-left:8px !important}}@media screen and (max-width:767px){.stk-42cedfa{margin-bottom:30px !important}}<\/style><div class=\"stk-column-wrapper stk-block-column__content stk-container stk-42cedfa-container stk--no-background stk--no-padding\"><div class=\"stk-block-content stk-inner-blocks stk-42cedfa-inner-blocks\">\n<div class=\"wp-block-stackable-heading stk-block-heading stk-block-heading--v2 stk-block stk-195be09\" id=\"kawa-dla-kawiarni\" data-block-id=\"195be09\"><style>.stk-195be09{margin-bottom:16px !important}@media screen and (max-width:767px){.stk-195be09{margin-bottom:10px !important}}<\/style><h3 class=\"stk-block-heading__text has-text-align-left\">Coffee for cafes<\/h3><\/div>\n\n\n\n<div class=\"wp-block-stackable-text stk-block-text stk-block stk-fa3c036\" id=\"do-kazdego-palenia-podchodzimy-ze-szczegolna-uwaga-aby-uwydatnic-walory-smakowe-danego-regionu\" data-block-id=\"fa3c036\"><p class=\"stk-block-text__text has-text-align-left\">Boost your cafe's ratings with our artisan coffee that will keep your customers coming back for more.<\/p><\/div>\n<\/div><\/div><\/div>\n\n\n\n<div class=\"wp-block-stackable-column stk-block-column stk-column stk-block stk-998d37c\" data-v=\"4\" id=\"kawa-dla-restauracji\" data-block-id=\"998d37c\"><style>@media screen and (min-width:768px){.stk-998d37c{flex:1 1 calc(33.333% - var(--stk-column-gap,0px) * 2 \/ 3 ) !important}}@media screen and (max-width:1023px){.stk-998d37c-container{margin-top:8px !important;margin-right:8px !important;margin-bottom:8px !important;margin-left:8px !important}}<\/style><div class=\"stk-column-wrapper stk-block-column__content stk-container stk-998d37c-container stk--no-background stk--no-padding\"><div class=\"stk-block-content stk-inner-blocks stk-998d37c-inner-blocks\">\n<div class=\"wp-block-stackable-heading stk-block-heading stk-block-heading--v2 stk-block stk-18aacd2\" id=\"kawa-dla-restauracji\" data-block-id=\"18aacd2\"><style>.stk-18aacd2{margin-bottom:16px !important}@media screen and (max-width:767px){.stk-18aacd2{margin-bottom:10px !important}}<\/style><h3 class=\"stk-block-heading__text has-text-align-left\">Coffee for restaurants<\/h3><\/div>\n\n\n\n<div class=\"wp-block-stackable-text stk-block-text stk-block stk-22d5053\" id=\"stale-poszerzamy-wiedze-ktora-dzielimy-sie-z-innymi-abysmy-razem-mogli-pic-najlepsza-mozliwa-kawe\" data-block-id=\"22d5053\"><style>.stk-22d5053 .stk-block-text__text{font-family:\"Kumbh Sans\",Sans-serif !important}@media screen and (max-width:767px){.stk-22d5053{margin-bottom:30px !important}}<\/style><p class=\"stk-block-text__text has-text-align-left\">A cup of coffee is often the end of a meal accompanied by dessert. Let it be as much appreciated as the main course.<\/p><\/div>\n<\/div><\/div><\/div>\n<\/div><\/div>\n\n\n\n<div class=\"wp-block-stackable-columns alignfull stk-block-columns stk-block stk-d21a680 stk-block-background\" data-block-id=\"d21a680\"><style>.stk-d21a680{background-color:var(--theme-palette-color-8,#F8F4E6) !important;padding-top:40px !important;padding-right:20px !important;padding-bottom:80px !important;padding-left:20px !important;margin-bottom:80px !important}.stk-d21a680:before{background-color:var(--theme-palette-color-8,#F8F4E6) !important}@media screen and (max-width:767px){.stk-d21a680{padding-top:0px !important;padding-bottom:45px !important;margin-bottom:30px !important}}<\/style><div class=\"stk-row stk-inner-blocks stk-block-content stk-content-align stk-d21a680-column\">\n<div class=\"wp-block-stackable-column stk-block-column stk-column stk-block stk-5ae58b0\" data-v=\"4\" id=\"kawa-dla-restauracji\" data-block-id=\"5ae58b0\"><style>@media screen and (min-width:768px){.stk-5ae58b0{flex:1 1 calc(33.333% - var(--stk-column-gap,0px) * 2 \/ 3 ) !important}}@media screen and (max-width:1023px){.stk-5ae58b0-container{margin-top:8px !important;margin-right:8px !important;margin-bottom:8px !important;margin-left:8px !important}}<\/style><div class=\"stk-column-wrapper stk-block-column__content stk-container stk-5ae58b0-container stk--no-background stk--no-padding\"><div class=\"stk-block-content stk-inner-blocks stk-5ae58b0-inner-blocks\">\n<div class=\"wp-block-stackable-heading stk-block-heading stk-block-heading--v2 stk-block stk-bec858b\" id=\"kawa-dla-hotelu\" data-block-id=\"bec858b\"><style>.stk-bec858b{margin-bottom:16px !important}@media screen and (max-width:767px){.stk-bec858b{margin-bottom:10px !important}}<\/style><h3 class=\"stk-block-heading__text has-text-align-left\">Coffee for the hotel<\/h3><\/div>\n\n\n\n<div class=\"wp-block-stackable-text stk-block-text stk-block stk-fbd10a4\" id=\"wypalamy-wylacznie-kawe-wysokiej-jakosci-kazda-kawa-przez-nas-wypalana-przechodzi-wewnetrzna-selekcje\" data-block-id=\"fbd10a4\"><style>@media screen and (max-width:767px){.stk-fbd10a4{margin-bottom:30px !important}}<\/style><p class=\"stk-block-text__text has-text-align-left\">Create a memorable experience for your guests with the aroma of freshly brewed coffee in your hotel's lobby.<\/p><\/div>\n<\/div><\/div><\/div>\n\n\n\n<div class=\"wp-block-stackable-column stk-block-column stk-column stk-block stk-c6dcf78\" data-v=\"4\" id=\"kawa-dla-restauracji\" data-block-id=\"c6dcf78\"><style>@media screen and (min-width:768px){.stk-c6dcf78{flex:1 1 calc(33.333% - var(--stk-column-gap,0px) * 2 \/ 3 ) !important}}@media screen and (max-width:1023px){.stk-c6dcf78-container{margin-top:8px !important;margin-right:8px !important;margin-bottom:8px !important;margin-left:8px !important}}<\/style><div class=\"stk-column-wrapper stk-block-column__content stk-container stk-c6dcf78-container stk--no-background stk--no-padding\"><div class=\"stk-block-content stk-inner-blocks stk-c6dcf78-inner-blocks\">\n<div class=\"wp-block-stackable-heading stk-block-heading stk-block-heading--v2 stk-block stk-6d9ab7a\" id=\"kawa-dla-biura\" data-block-id=\"6d9ab7a\"><style>.stk-6d9ab7a{margin-bottom:15px !important}@media screen and (max-width:767px){.stk-6d9ab7a{margin-bottom:10px !important}}<\/style><h3 class=\"stk-block-heading__text has-text-align-left\">Coffee for the office<\/h3><\/div>\n\n\n\n<div class=\"wp-block-stackable-text stk-block-text stk-block stk-82a6583\" id=\"do-kazdego-palenia-podchodzimy-ze-szczegolna-uwaga-aby-uwydatnic-walory-smakowe-danego-regionu\" data-block-id=\"82a6583\"><style>@media screen and (max-width:767px){.stk-82a6583{margin-bottom:30px !important}}<\/style><p class=\"stk-block-text__text has-text-align-left\">Boost creativity in your workplace with delicious, premium coffees.<\/p><\/div>\n<\/div><\/div><\/div>\n\n\n\n<div class=\"wp-block-stackable-column stk-block-column stk-column stk-block stk-3be7cec\" data-v=\"4\" id=\"kawa-dla-restauracji\" data-block-id=\"3be7cec\"><style>@media screen and (min-width:768px){.stk-3be7cec{flex:1 1 calc(33.333% - var(--stk-column-gap,0px) * 2 \/ 3 ) !important}}@media screen and (max-width:1023px){.stk-3be7cec-container{margin-top:8px !important;margin-right:8px !important;margin-bottom:8px !important;margin-left:8px !important}}<\/style><div class=\"stk-column-wrapper stk-block-column__content stk-container stk-3be7cec-container stk--no-background stk--no-padding\"><div class=\"stk-block-content stk-inner-blocks stk-3be7cec-inner-blocks\">\n<div class=\"wp-block-stackable-heading stk-block-heading stk-block-heading--v2 stk-block stk-bcc6811\" id=\"kawa-dla-eventow\" data-block-id=\"bcc6811\"><style>.stk-bcc6811{margin-bottom:16px !important}@media screen and (max-width:767px){.stk-bcc6811{margin-bottom:10px !important}}<\/style><h3 class=\"stk-block-heading__text has-text-align-left\">Coffee for events<\/h3><\/div>\n\n\n\n<div class=\"wp-block-stackable-text stk-block-text stk-block stk-b985b25\" id=\"stale-poszerzamy-wiedze-ktora-dzielimy-sie-z-innymi-abysmy-razem-mogli-pic-najlepsza-mozliwa-kawe\" data-block-id=\"b985b25\"><style>.stk-b985b25 .stk-block-text__text{font-family:\"Kumbh Sans\",Sans-serif !important}<\/style><p class=\"stk-block-text__text has-text-align-left\">Let great coffee make your event memorable for all participants.<\/p><\/div>\n<\/div><\/div><\/div>\n<\/div><\/div>\n\n\n\n<div class=\"wp-block-stackable-columns stk-block-columns stk-block stk-dfe4682\" data-block-id=\"dfe4682\"><style>.stk-dfe4682{border-style:solid !important;border-top-width:0px !important;border-right-width:0px !important;border-bottom-width:1px !important;border-left-width:0px !important;padding-bottom:120px !important}@media screen and (max-width:767px){.stk-dfe4682{padding-bottom:45px !important}}<\/style><div class=\"stk-row stk-inner-blocks stk-block-content stk-content-align stk-dfe4682-column\">\n<div class=\"wp-block-stackable-column stk-block-column stk-column stk-block stk-b097887\" data-v=\"4\" data-block-id=\"b097887\"><style>.stk-b097887{align-items:center !important;padding-right:40px !important;display:flex !important}@media screen and (max-width:767px){.stk-b097887{padding-right:0px !important}}<\/style><div class=\"stk-column-wrapper stk-block-column__content stk-container stk-b097887-container stk--no-background stk--no-padding\"><div class=\"stk-block-content stk-inner-blocks stk-b097887-inner-blocks\">\n<div class=\"wp-block-stackable-heading stk-block-heading stk-block-heading--v2 stk-block stk-2beba73\" id=\"skontaktuj-sie-z-nami\" data-block-id=\"2beba73\"><h2 class=\"stk-block-heading__text\">Get in touch with us<\/h2><\/div>\n\n\n\n<p>Feel free to contact us for a customized quote for offices and foodservice, to request samples, or to discuss how we can tailor our coffee solutions to your unique needs.<\/p>\n\n\n\n<p>At Daily Cup, we don't just sell coffee, we create experiences that will leave a lasting impression on your business and your customers. Welcome to the world of exceptional coffee.<\/p>\n\n\n\n<p>Email: <a href=\"mailto:business@dailycup.pl\">business@dailycup.pl<\/a><\/p>\n<\/div><\/div><\/div>\n<\/div><\/div>\n\n\n\n<div class=\"wp-block-stackable-columns stk-block-columns stk-block stk-31c9036\" data-block-id=\"31c9036\"><div class=\"stk-row stk-inner-blocks stk-block-content stk-content-align stk-31c9036-column\">\n<div class=\"wp-block-stackable-column stk-block-column stk-column stk-block stk-21a766c\" data-v=\"4\" data-block-id=\"21a766c\"><style>.stk-21a766c{padding-top:80px !important;padding-bottom:80px !important}<\/style><div class=\"stk-column-wrapper stk-block-column__content stk-container stk-21a766c-container stk--no-background stk--no-padding\"><div class=\"stk-block-content stk-inner-blocks stk-21a766c-inner-blocks\">\n<div class=\"wp-block-stackable-heading stk-block-heading stk-block-heading--v2 stk-block stk-8689326\" id=\"em-your-em-daily-cup-em-of-joy-em\" data-block-id=\"8689326\"><style>.stk-8689326 .stk-block-heading__text{font-size:92px !important}@media screen and (max-width:1023px){.stk-8689326 .stk-block-heading__text{font-size:50px !important}}<\/style><h2 class=\"stk-block-heading__text has-text-align-center\"><em>Your<\/em> Daily Cup <em>of joy<\/em><\/h2><\/div>\n<\/div><\/div><\/div>\n<\/div><\/div>\n\n\n\n<p><\/p>","protected":false},"excerpt":{"rendered":"<p>Wsp\u00f3\u0142praca Zapraszamy do wsp\u00f3\u0142pracy Kawa to nie tylko nap\u00f3j! To niezwyk\u0142e do\u015bwiadczenie. Jest jednocze\u015bnie codziennym rytua\u0142em, kt\u00f3ry pobudza kreatywno\u015b\u0107, wzmacnia wi\u0119zi i nape\u0142nia miejsca pracy, kawiarnie, restauracje i hotele zach\u0119caj\u0105cym aromatem i ciep\u0142em. W Daily Cup rozumiemy znaczenie tego codziennego rytua\u0142u i jeste\u015bmy tutaj, aby wzmocni\u0107 Tw\u00f3j biznes dzi\u0119ki naszej wyj\u0105tkowej kawie. Dlaczego nasza kawa? [&hellip;]<\/p>\n","protected":false},"author":1,"featured_media":0,"parent":0,"menu_order":0,"comment_status":"closed","ping_status":"closed","template":"","meta":{"_eb_attr":"","iawp_total_views":16,"footnotes":""},"class_list":["post-1129","page","type-page","status-publish","hentry"],"blocksy_meta":[],"featured_image_urls":{"full":"","thumbnail":"","medium":"","medium_large":"","large":"","1536x1536":"","2048x2048":"","trp-custom-language-flag":"","woocommerce_archive_thumbnail":"","mailpoet_newsletter_max":"","woocommerce_thumbnail":"","woocommerce_single":"","woocommerce_gallery_thumbnail":"","variation_swatches_image_size":"","variation_swatches_tooltip_size":""},"post_excerpt_stackable":"<p>Wsp\u00f3\u0142praca Zapraszamy do wsp\u00f3\u0142pracy Kawa to nie tylko nap\u00f3j! To niezwyk\u0142e do\u015bwiadczenie. Jest jednocze\u015bnie codziennym rytua\u0142em, kt\u00f3ry pobudza kreatywno\u015b\u0107, wzmacnia wi\u0119zi i nape\u0142nia miejsca pracy, kawiarnie, restauracje i hotele zach\u0119caj\u0105cym aromatem i ciep\u0142em. W Daily Cup rozumiemy znaczenie tego codziennego rytua\u0142u i jeste\u015bmy tutaj, aby wzmocni\u0107 Tw\u00f3j biznes dzi\u0119ki naszej wyj\u0105tkowej kawie. Dlaczego nasza kawa? W sercu ka\u017cdej fili\u017canki kawy znajduj\u0105 si\u0119 ziarna, a w Daily Cup z pasj\u0105 pozyskujemy i palimy najlepsze ziarna z ca\u0142ego \u015bwiata. Oferujemy selekcj\u0119 ziaren speciality, wypalanych z przeznaczeniem pod espresso lub metody przelewowe, z kt\u00f3rych ka\u017cda ma sw\u00f3j w\u0142asny, niepowtarzalny charakter. Niezale\u017cnie od tego,&hellip;<\/p>\n","category_list":"","author_info":{"name":"Daily Cup Coffee","url":"https:\/\/dailycup.pl\/en\/author\/roastmaster\/"},"comments_num":"0 comments","_links":{"self":[{"href":"https:\/\/dailycup.pl\/en\/wp-json\/wp\/v2\/pages\/1129","targetHints":{"allow":["GET"]}}],"collection":[{"href":"https:\/\/dailycup.pl\/en\/wp-json\/wp\/v2\/pages"}],"about":[{"href":"https:\/\/dailycup.pl\/en\/wp-json\/wp\/v2\/types\/page"}],"author":[{"embeddable":true,"href":"https:\/\/dailycup.pl\/en\/wp-json\/wp\/v2\/users\/1"}],"replies":[{"embeddable":true,"href":"https:\/\/dailycup.pl\/en\/wp-json\/wp\/v2\/comments?post=1129"}],"version-history":[{"count":0,"href":"https:\/\/dailycup.pl\/en\/wp-json\/wp\/v2\/pages\/1129\/revisions"}],"wp:attachment":[{"href":"https:\/\/dailycup.pl\/en\/wp-json\/wp\/v2\/media?parent=1129"}],"curies":[{"name":"wp","href":"https:\/\/api.w.org\/{rel}","templated":true}]}}