{"id":630,"date":"2022-01-19T09:41:08","date_gmt":"2022-01-19T09:41:08","guid":{"rendered":"https:\/\/demo.creativethemes.com\/stagingthree\/?page_id=630"},"modified":"2023-12-08T01:41:07","modified_gmt":"2023-12-08T00:41:07","slug":"kontakt","status":"publish","type":"page","link":"https:\/\/dailycup.pl\/en\/kontakt\/","title":{"rendered":"Contact"},"content":{"rendered":"\n<div class=\"wp-block-stackable-columns alignfull stk-block-columns stk-block stk-1284f2b stk-block-background\" data-block-id=\"1284f2b\"><style>.stk-1284f2b .stk--block-align-1284f2b{align-items:center !important}.stk-1284f2b{background-color:var(--theme-palette-color-8,#F8F4E6) !important;padding-top:0px !important;padding-right:0px !important;padding-bottom:0px !important;padding-left:0px !important;margin-right:50px !important;margin-bottom:0px !important;margin-left:50px !important}.stk-1284f2b:before{background-color:var(--theme-palette-color-8,#F8F4E6) !important}.stk-1284f2b-column{row-gap:0px !important;justify-content:center !important}@media screen and (max-width:1023px){.stk-1284f2b{padding-top:0px !important;padding-right:30px !important;padding-bottom:0px !important;padding-left:30px !important;margin-right:20px !important;margin-left:20px !important}}@media screen and (max-width:767px){.stk-1284f2b{padding-top:0px !important;padding-right:15px !important;padding-bottom:0px !important;padding-left:15px !important}}<\/style><style class=\"stk-custom-css\">.stk-1284f2b.stk-block-columns{animation:fadeInAnimation ease 3s !important}<\/style><div class=\"stk-row stk-inner-blocks has-text-align-center stk--block-align-1284f2b stk-block-content stk-content-align stk-1284f2b-column stk--flex\">\n<div class=\"wp-block-stackable-column stk-block-column stk-column stk-block stk-281a693\" data-v=\"4\" data-block-id=\"281a693\"><style>.stk-281a693-container{margin-top:0px !important;margin-right:0px !important;margin-bottom:0px !important;margin-left:0px !important;min-height:500px !important}.stk-281a693-inner-blocks{justify-content:center !important}.stk-281a693{align-items:center !important;padding-top:50px !important;padding-bottom:50px !important;margin-right:auto !important;margin-left:auto !important;display:flex !important}@media screen and (max-width:1023px){.stk-281a693{min-height:0px !important;padding-top:0px !important;padding-right:0px !important;padding-bottom:0px !important;padding-left:0px !important}.stk-281a693-container{min-height:400px !important}}<\/style><div class=\"stk-column-wrapper stk-block-column__content stk-container stk-281a693-container stk--no-background stk--no-padding\"><div class=\"has-text-align-center stk--column-flex stk-block-content stk-inner-blocks stk-281a693-inner-blocks\">\n<div class=\"wp-block-stackable-heading aligncenter stk-block-heading stk-block-heading--v2 stk-block stk-572946e\" id=\"lokalna-palarnia-kawy-jakosci-speciality\" data-block-id=\"572946e\"><style>.stk-572946e{padding-bottom:0px !important;margin-right:auto !important;margin-bottom:0px !important;margin-left:0px !important}.stk-572946e .stk-block-heading__text{font-size:70px !important;color:var(--theme-palette-color-4,#000000) !important}@media screen and (max-width:1023px){.stk-572946e .stk-block-heading__text{font-size:50px !important}}@media screen and (max-width:767px){.stk-572946e{margin-bottom:0px !important}}<\/style><h1 class=\"stk-block-heading__text has-text-color has-text-align-center has-text-align-center-mobile stk-block-heading--use-theme-margins\">Kontakt<\/h1><\/div>\n\n\n\n<div class=\"wp-block-stackable-text stk-block-text stk-block stk-4033b31\" data-block-id=\"4033b31\"><p class=\"stk-block-text__text has-text-align-center\">Skontaktuj si\u0119 z nami<\/p><\/div>\n<\/div><\/div><\/div>\n<\/div><\/div>\n\n\n\n<div class=\"wp-block-stackable-columns stk-block-columns stk-block stk-85c5a49\" data-block-id=\"85c5a49\"><style>.stk-85c5a49{margin-top:80px !important;margin-bottom:60px !important}@media screen and (max-width:1023px){.stk-85c5a49{--stk-col-order-1:2 !important;--stk-col-order-2:1 !important}}@media screen and (max-width:767px){.stk-85c5a49{margin-top:40px !important;margin-bottom:0px !important;--stk-col-order-1:2 !important;--stk-col-order-2:1 !important}}<\/style><div class=\"stk-row stk-inner-blocks stk-block-content stk-content-align stk-85c5a49-column\">\n<div class=\"wp-block-stackable-column stk-block-column stk-column stk-block stk-276a77d\" data-v=\"4\" data-block-id=\"276a77d\"><style>.stk-276a77d{padding-right:40px !important}@media screen and (max-width:767px){.stk-276a77d{padding-right:0px !important}}<\/style><div class=\"stk-column-wrapper stk-block-column__content stk-container stk-276a77d-container stk--no-background stk--no-padding\"><div class=\"stk-block-content stk-inner-blocks stk-276a77d-inner-blocks\">\n<p>NAPISZ DO NAS<\/p>\n\n\n<div class='fluentform ff-inherit-theme-style fluentform_wrapper_5  ff_guten_block ff_guten_block-5'><form data-form_id=\"5\" id=\"fluentform_5\" class=\"frm-fluent-form fluent_form_5 ff-el-form-top ff_form_instance_5_1 ff-form-loading ffs_inherit_theme\" data-form_instance=\"ff_form_instance_5_1\" method=\"POST\" ><fieldset  style=\"border: none!important;margin: 0!important;padding: 0!important;background-color: transparent!important;box-shadow: none!important;outline: none!important; min-inline-size: 100%;\">\n                    <legend class=\"ff_screen_reader_title\" style=\"display: block; margin: 0!important;padding: 0!important;height: 0!important;text-indent: -999999px;width: 0!important;overflow:hidden;\">Kontakt<\/legend><input type='hidden' name='__fluent_form_embded_post_id' value='630' \/><input type=\"hidden\" id=\"_fluentform_5_fluentformnonce\" name=\"_fluentform_5_fluentformnonce\" value=\"496e0c7c84\" \/><input type=\"hidden\" name=\"_wp_http_referer\" value=\"\/en\/wp-json\/wp\/v2\/pages\/630\" \/><div class='ff-el-group ff-el-form-hide_label'><div class=\"ff-el-input--label ff-el-is-required asterisk-right\"><label for='ff_5_input_text' id='label_ff_5_input_text' aria-label=\"Imi\u0119 i nazwisko\">Imi\u0119 i nazwisko<\/label><\/div><div class='ff-el-input--content'><input type=\"text\" name=\"input_text\" class=\"ff-el-form-control\" placeholder=\"Imi\u0119 i nazwisko\" data-name=\"input_text\" id=\"ff_5_input_text\"  aria-invalid=\"false\" aria-required=true><\/div><\/div><div class='ff-el-group ff-el-form-hide_label'><div class=\"ff-el-input--label ff-el-is-required asterisk-right\"><label for='ff_5_email' id='label_ff_5_email' aria-label=\"Email\">Email<\/label><\/div><div class='ff-el-input--content'><input type=\"email\" name=\"email\" id=\"ff_5_email\" class=\"ff-el-form-control\" placeholder=\"Email\" data-name=\"email\"  aria-invalid=\"false\" aria-required=true><\/div><\/div><div class='ff-el-group ff-el-form-hide_label'><div class=\"ff-el-input--label ff-el-is-required asterisk-right\"><label for='ff_5_description' id='label_ff_5_description' aria-label=\"Wiadomosc\">Wiadomosc<\/label><\/div><div class='ff-el-input--content'><textarea aria-required=\"true\" aria-labelledby=\"label_ff_5_description\" name=\"description\" id=\"ff_5_description\" class=\"ff-el-form-control\" placeholder=\"Wiadomo\u015b\u0107\" rows=\"5\" cols=\"2\" data-name=\"description\" ><\/textarea><\/div><\/div><div class='ff-el-group ff-text-left ff_submit_btn_wrapper'><button type=\"submit\" class=\"ff-btn ff-btn-submit ff-btn-md ff_btn_no_style\"  aria-label=\"Wy\u015blij\">Wy\u015blij<\/button><\/div><\/fieldset><\/form><div id='fluentform_5_errors' class='ff-errors-in-stack ff_form_instance_5_1 ff-form-loading_errors ff_form_instance_5_1_errors'><\/div><\/div>            <script type=\"text\/javascript\">\n                window.fluent_form_ff_form_instance_5_1 = {\"id\":\"5\",\"settings\":{\"layout\":{\"labelPlacement\":\"top\",\"helpMessagePlacement\":\"with_label\",\"errorMessagePlacement\":\"inline\",\"cssClassName\":\"\",\"asteriskPlacement\":\"asterisk-right\"},\"restrictions\":{\"denyEmptySubmission\":{\"enabled\":false}}},\"form_instance\":\"ff_form_instance_5_1\",\"form_id_selector\":\"fluentform_5\",\"rules\":{\"input_text\":{\"required\":{\"value\":true,\"message\":\"To pole jest wymagane\",\"global\":true,\"global_message\":\"To pole jest wymagane\"}},\"email\":{\"required\":{\"value\":true,\"message\":\"To pole jest wymagane\",\"global\":true,\"global_message\":\"To pole jest wymagane\"},\"email\":{\"value\":true,\"message\":\"To pole musi zawiera\\u0107 prawid\\u0142owy adres e-mail\",\"global\":true,\"global_message\":\"To pole musi zawiera\\u0107 prawid\\u0142owy adres e-mail\"}},\"description\":{\"required\":{\"value\":true,\"message\":\"To pole jest wymagane\",\"global\":true,\"global_message\":\"To pole jest wymagane\"}}},\"debounce_time\":300};\n                            <\/script>\n            <\/div><\/div><\/div>\n\n\n\n<div class=\"wp-block-stackable-column stk-block-column stk-column stk-block stk-13ad4b0\" data-v=\"4\" data-block-id=\"13ad4b0\"><style>@media screen and (max-width:1023px){.stk-13ad4b0{padding-right:20px !important}}@media screen and (max-width:767px){.stk-13ad4b0{padding-right:0px !important;margin-bottom:30px !important}}<\/style><div class=\"stk-column-wrapper stk-block-column__content stk-container stk-13ad4b0-container stk--no-background stk--no-padding\"><div class=\"stk-block-content stk-inner-blocks stk-13ad4b0-inner-blocks\">\n<div class=\"wp-block-stackable-heading stk-block-heading stk-block-heading--v2 stk-block stk-efb4be7\" id=\"napisz-do-nas-jesli-chcesz-dowiedziec-sie-wiecej\" data-block-id=\"efb4be7\"><style>.stk-efb4be7{max-width:400px !important}@media screen and (max-width:1023px){.stk-efb4be7{max-width:288px !important}}@media screen and (max-width:767px){.stk-efb4be7{max-width:100% !important}}<\/style><h2 class=\"stk-block-heading__text\">Napisz do nas, je\u015bli chcesz dowiedzie\u0107 si\u0119 wi\u0119cej<\/h2><\/div>\n\n\n\n<p>Masz pytania do naszego zespo\u0142u lub chcesz porozmawia\u0107?<\/p>\n\n\n\n<p>Napisz do nas u\u017cywaj\u0105c formularza obok. Czytamy wszystkie wiadomo\u015bci i skontaktujemy si\u0119 z Tob\u0105 najszybciej jak to mo\u017cliwe.<br><br>Daily Cup Coffee<br><a href=\"mailto:hello@dailycup.pl\">hello@dailycup.pl<\/a><\/p>\n\n\n\n<p><strong>NIP 1181938904<\/strong><\/p>\n<\/div><\/div><\/div>\n<\/div><\/div>\n\n\n\n<div class=\"wp-block-stackable-columns stk-block-columns stk-block stk-5fd91ed\" data-block-id=\"5fd91ed\"><style>.stk-5fd91ed{margin-bottom:0px !important}<\/style><div class=\"stk-row stk-inner-blocks stk-block-content stk-content-align stk-5fd91ed-column\">\n<div class=\"wp-block-stackable-column stk-block-column stk-column stk-block stk-21a766c\" data-v=\"4\" data-block-id=\"21a766c\"><style>.stk-21a766c{padding-top:80px !important;padding-bottom:80px !important}<\/style><div class=\"stk-column-wrapper stk-block-column__content stk-container stk-21a766c-container stk--no-background stk--no-padding\"><div class=\"stk-block-content stk-inner-blocks stk-21a766c-inner-blocks\">\n<div class=\"wp-block-stackable-heading stk-block-heading stk-block-heading--v2 stk-block stk-8689326\" id=\"em-your-em-daily-cup-em-of-joy-em\" data-block-id=\"8689326\"><style>.stk-8689326 .stk-block-heading__text{font-size:92px !important}@media screen and (max-width:1023px){.stk-8689326 .stk-block-heading__text{font-size:50px !important}}<\/style><h2 class=\"stk-block-heading__text has-text-align-center\"><em>Your<\/em> Daily Cup <em>of joy<\/em><\/h2><\/div>\n<\/div><\/div><\/div>\n<\/div><\/div>\n\n\n\n<div class=\"wp-block-stackable-columns alignfull stk-block-columns stk-block stk-844a77a stk-block-background\" data-block-id=\"844a77a\"><style>.stk-844a77a{background-color:var(--theme-palette-color-7,#E6E0CA) !important;padding-top:60px !important;padding-bottom:60px !important;margin-right:40px !important;margin-left:40px !important}.stk-844a77a:before{background-color:var(--theme-palette-color-7,#E6E0CA) !important}.stk-844a77a-column{justify-content:flex-start !important}@media screen and (max-width:1023px){.stk-844a77a{padding-right:0px !important;padding-left:0px !important;margin-right:0px !important;margin-left:0px !important}}@media screen and (max-width:767px){.stk-844a77a{padding-right:20px !important;padding-left:20px !important;margin-right:0px !important;margin-left:0px !important}}<\/style><div class=\"stk-row stk-inner-blocks stk-block-content stk-content-align stk-844a77a-column stk--flex\">\n<div class=\"wp-block-stackable-column stk-block-column stk-column stk-block stk-bda707f\" data-v=\"4\" data-block-id=\"bda707f\"><style class=\"stk-custom-css\">.stk-bda707f.stk-block-column{width:100% !important}<\/style><div class=\"stk-column-wrapper stk-block-column__content stk-container stk-bda707f-container stk--no-background stk--no-padding\"><div class=\"stk-block-content stk-inner-blocks stk-bda707f-inner-blocks\">\n<div class=\"wp-block-stackable-heading stk-block-heading stk-block-heading--v2 stk-block stk-a9b7ea1\" id=\"newsletter\" data-block-id=\"a9b7ea1\"><style>.stk-a9b7ea1{margin-bottom:1px !important}.stk-a9b7ea1 .stk-block-heading__text{font-size:92px !important}@media screen and (max-width:1023px){.stk-a9b7ea1 .stk-block-heading__text{font-size:50px !important}}<\/style><h2 class=\"stk-block-heading__text\">Newsletter<\/h2><\/div>\n\n\n\n<div class=\"wp-block-stackable-text stk-block-text stk-block stk-c362cc8\" data-block-id=\"c362cc8\"><p class=\"stk-block-text__text\">Otrzymuj informacje o nowo\u015bciach i promocjach, zapisz si\u0119 do naszego newslettera.<\/p><\/div>\n\n\n  \n  \n  <div class=\"\n    mailpoet_form_popup_overlay\n      \"><\/div>\n  <div\n    id=\"mailpoet_form_1\"\n    class=\"\n      mailpoet_form\n      mailpoet_form_shortcode\n      mailpoet_form_position_\n      mailpoet_form_animation_\n    \"\n      >\n\n    <style type=\"text\/css\">\n     #mailpoet_form_1 .mailpoet_form {  }\n#mailpoet_form_1 .mailpoet_column_with_background { padding: 10px; }\n#mailpoet_form_1 .mailpoet_form_column:not(:first-child) { margin-left: 20px; }\n#mailpoet_form_1 .mailpoet_paragraph { line-height: 20px; margin-bottom: 20px; }\n#mailpoet_form_1 .mailpoet_segment_label, #mailpoet_form_1 .mailpoet_text_label, #mailpoet_form_1 .mailpoet_textarea_label, #mailpoet_form_1 .mailpoet_select_label, #mailpoet_form_1 .mailpoet_radio_label, #mailpoet_form_1 .mailpoet_checkbox_label, #mailpoet_form_1 .mailpoet_list_label, #mailpoet_form_1 .mailpoet_date_label { display: block; font-weight: normal; }\n#mailpoet_form_1 .mailpoet_text, #mailpoet_form_1 .mailpoet_textarea, #mailpoet_form_1 .mailpoet_select, #mailpoet_form_1 .mailpoet_date_month, #mailpoet_form_1 .mailpoet_date_day, #mailpoet_form_1 .mailpoet_date_year, #mailpoet_form_1 .mailpoet_date { display: block; }\n#mailpoet_form_1 .mailpoet_text, #mailpoet_form_1 .mailpoet_textarea { width: 200px; }\n#mailpoet_form_1 .mailpoet_checkbox {  }\n#mailpoet_form_1 .mailpoet_submit {  }\n#mailpoet_form_1 .mailpoet_divider {  }\n#mailpoet_form_1 .mailpoet_message {  }\n#mailpoet_form_1 .mailpoet_form_loading { width: 30px; text-align: center; line-height: normal; }\n#mailpoet_form_1 .mailpoet_form_loading > span { width: 5px; height: 5px; background-color: #5b5b5b; }#mailpoet_form_1{border-radius: 0px;text-align: left;}#mailpoet_form_1 form.mailpoet_form {padding: 0px;}#mailpoet_form_1{width: 100%;}#mailpoet_form_1 .mailpoet_message {margin: 0; padding: 0 20px;}#mailpoet_form_1 .mailpoet_paragraph.last {margin-bottom: 0} @media (max-width: 500px) {#mailpoet_form_1 {background-image: none;}} @media (min-width: 500px) {#mailpoet_form_1 .last .mailpoet_paragraph:last-child {margin-bottom: 0}}  @media (max-width: 500px) {#mailpoet_form_1 .mailpoet_form_column:last-child .mailpoet_paragraph:last-child {margin-bottom: 0}} \n    <\/style>\n\n    <form\n      target=\"_self\"\n      method=\"post\"\n      action=\"https:\/\/dailycup.pl\/wp-admin\/admin-post.php?action=mailpoet_subscription_form\"\n      class=\"mailpoet_form mailpoet_form_form mailpoet_form_shortcode\"\n      novalidate\n      data-delay=\"\"\n      data-exit-intent-enabled=\"\"\n      data-font-family=\"\"\n      data-cookie-expiration-time=\"\"\n    >\n      <input type=\"hidden\" name=\"data[form_id]\" value=\"1\" \/>\n      <input type=\"hidden\" name=\"token\" value=\"0e81f0192d\" \/>\n      <input type=\"hidden\" name=\"api_version\" value=\"v1\" \/>\n      <input type=\"hidden\" name=\"endpoint\" value=\"subscribers\" \/>\n      <input type=\"hidden\" name=\"mailpoet_method\" value=\"subscribe\" \/>\n\n      <label class=\"mailpoet_hp_email_label\" style=\"display: none !important;\">Please leave this field empty<input type=\"email\" name=\"data[email]\"\/><\/label><div class='mailpoet_form_columns_container'><div class=\"mailpoet_form_columns mailpoet_paragraph mailpoet_stack_on_mobile\"><div class=\"mailpoet_form_column\"><div class=\"mailpoet_paragraph \"><input type=\"text\" autocomplete=\"given-name\" class=\"mailpoet_text\" id=\"form_first_name_1\" name=\"data[form_field_NDA2NWRjNTQ2YmQ5X2ZpcnN0X25hbWU=]\" title=\"Imi\u0119\" value=\"\" style=\"width:100%;box-sizing:border-box;padding:5px;margin: 0 auto 0 0;\" data-automation-id=\"form_first_name\"  placeholder=\"Imi\u0119 *\" aria-label=\"Imi\u0119 *\" data-parsley-errors-container=\".mailpoet_error_w1ij6\" data-parsley-names='[&quot;Please specify a valid name.&quot;,&quot;Addresses in names are not permitted, please add your name instead.&quot;]' data-parsley-required=\"true\" required aria-required=\"true\" data-parsley-required-message=\"This field is required.\"\/><span class=\"mailpoet_error_w1ij6\"><\/span><\/div>\n<\/div>\n<div class=\"mailpoet_form_column\"><div class=\"mailpoet_paragraph \"><input type=\"email\" autocomplete=\"email\" class=\"mailpoet_text\" id=\"form_email_1\" name=\"data[form_field_NTQyZDhkOTgxODc1X2VtYWls]\" title=\"Email\" value=\"\" style=\"width:100%;box-sizing:border-box;padding:5px;margin: 0 auto 0 0;\" data-automation-id=\"form_email\"  placeholder=\"Email *\" aria-label=\"Email *\" data-parsley-errors-container=\".mailpoet_error_18w1j\" data-parsley-required=\"true\" required aria-required=\"true\" data-parsley-minlength=\"6\" data-parsley-maxlength=\"150\" data-parsley-type-message=\"This value should be a valid email.\" data-parsley-required-message=\"This field is required.\"\/><span class=\"mailpoet_error_18w1j\"><\/span><\/div>\n<\/div>\n<div class=\"mailpoet_form_column\"><div class=\"mailpoet_paragraph \"><input type=\"submit\" class=\"mailpoet_submit\" value=\"Zapisz si\u0119\" data-automation-id=\"subscribe-submit-button\" style=\"width:100%;box-sizing:border-box;padding:5px;margin: 0 auto 0 0;border-color:transparent;\" \/><span class=\"mailpoet_form_loading\"><span class=\"mailpoet_bounce1\"><\/span><span class=\"mailpoet_bounce2\"><\/span><span class=\"mailpoet_bounce3\"><\/span><\/span><\/div>\n<\/div>\n<\/div><\/div>\n\n      <div class=\"mailpoet_message\">\n        <p class=\"mailpoet_validate_success\"\n                style=\"display:none;\"\n                >Check your inbox or spam folder to confirm your subscription.\n        <\/p>\n        <p class=\"mailpoet_validate_error\"\n                style=\"display:none;\"\n                >        <\/p>\n      <\/div>\n    <\/form>\n\n      <\/div>\n\n  \n<\/div><\/div><\/div>\n<\/div><\/div>\n","protected":false},"excerpt":{"rendered":"<p>Kontakt Skontaktuj si\u0119 z nami NAPISZ DO NAS Napisz do nas, je\u015bli chcesz dowiedzie\u0107 si\u0119 wi\u0119cej Masz pytania do naszego zespo\u0142u lub chcesz porozmawia\u0107? Napisz do nas u\u017cywaj\u0105c formularza obok. Czytamy wszystkie wiadomo\u015bci i skontaktujemy si\u0119 z Tob\u0105 najszybciej jak to mo\u017cliwe. Daily Cup Coffeehello@dailycup.pl NIP 1181938904 Your Daily Cup of joy Newsletter Otrzymuj informacje [&hellip;]<\/p>\n","protected":false},"author":1,"featured_media":0,"parent":0,"menu_order":0,"comment_status":"closed","ping_status":"closed","template":"","meta":{"_eb_attr":"","iawp_total_views":87,"footnotes":""},"class_list":["post-630","page","type-page","status-publish","hentry"],"blocksy_meta":{"styles_descriptor":{"styles":{"desktop":"","tablet":"","mobile":""},"google_fonts":[],"version":6}},"featured_image_urls":{"full":"","thumbnail":"","medium":"","medium_large":"","large":"","1536x1536":"","2048x2048":"","trp-custom-language-flag":"","woocommerce_archive_thumbnail":"","mailpoet_newsletter_max":"","woocommerce_thumbnail":"","woocommerce_single":"","woocommerce_gallery_thumbnail":"","variation_swatches_image_size":"","variation_swatches_tooltip_size":""},"post_excerpt_stackable":"<p>Kontakt Skontaktuj si\u0119 z nami NAPISZ DO NAS KontaktImi\u0119 i nazwiskoEmailWiadomoscWy\u015blij Napisz do nas, je\u015bli chcesz dowiedzie\u0107 si\u0119 wi\u0119cej Masz pytania do naszego zespo\u0142u lub chcesz porozmawia\u0107? Napisz do nas u\u017cywaj\u0105c formularza obok. Czytamy wszystkie wiadomo\u015bci i skontaktujemy si\u0119 z Tob\u0105 najszybciej jak to mo\u017cliwe.Daily Cup Coffeehello@dailycup.pl NIP 1181938904 Your Daily Cup of joy Newsletter Otrzymuj informacje o nowo\u015bciach i promocjach, zapisz si\u0119 do naszego newslettera. Please leave this field empty Check your inbox or spam folder to confirm your subscription.<\/p>\n","category_list":"","author_info":{"name":"Daily Cup Coffee","url":"https:\/\/dailycup.pl\/en\/author\/roastmaster\/"},"comments_num":"0 comments","_links":{"self":[{"href":"https:\/\/dailycup.pl\/en\/wp-json\/wp\/v2\/pages\/630","targetHints":{"allow":["GET"]}}],"collection":[{"href":"https:\/\/dailycup.pl\/en\/wp-json\/wp\/v2\/pages"}],"about":[{"href":"https:\/\/dailycup.pl\/en\/wp-json\/wp\/v2\/types\/page"}],"author":[{"embeddable":true,"href":"https:\/\/dailycup.pl\/en\/wp-json\/wp\/v2\/users\/1"}],"replies":[{"embeddable":true,"href":"https:\/\/dailycup.pl\/en\/wp-json\/wp\/v2\/comments?post=630"}],"version-history":[{"count":1,"href":"https:\/\/dailycup.pl\/en\/wp-json\/wp\/v2\/pages\/630\/revisions"}],"predecessor-version":[{"id":3234,"href":"https:\/\/dailycup.pl\/en\/wp-json\/wp\/v2\/pages\/630\/revisions\/3234"}],"wp:attachment":[{"href":"https:\/\/dailycup.pl\/en\/wp-json\/wp\/v2\/media?parent=630"}],"curies":[{"name":"wp","href":"https:\/\/api.w.org\/{rel}","templated":true}]}}