{"id":700,"date":"2022-01-19T09:32:30","date_gmt":"2022-01-19T09:32:30","guid":{"rendered":"https:\/\/demo.creativethemes.com\/stagingthree\/?page_id=3"},"modified":"2026-04-03T12:48:59","modified_gmt":"2026-04-03T10:48:59","slug":"privacy-policy","status":"publish","type":"page","link":"https:\/\/dailycup.pl\/en\/privacy-policy\/","title":{"rendered":"Privacy Policy"},"content":{"rendered":"<div class=\"wp-block-stackable-spacer stk-block-spacer stk--no-padding stk-block stk-185624e\" data-block-id=\"185624e\"><\/div>\n\n\n\n<div class=\"wp-block-stackable-heading stk-block-heading stk-block-heading--v2 stk-block stk-106a55c\" id=\"polityka-prywatnosci-sklepu-dailycup-pl\" data-block-id=\"106a55c\"><h2 class=\"stk-block-heading__text\">Polityka prywatno\u015bci sklepu Dailycup.pl<\/h2><\/div>\n\n\n\n<h3 class=\"wp-block-heading\" style=\"text-transform:uppercase\">\u00a7 1 Preliminary provisions<\/h3>\n\n\n\n<ol class=\"wp-block-list\">\n<li>Administratorem danych osobowych zbieranych za po\u015brednictwem strony internetowej https:\/\/dailycup.pl\/ jest Daily Collective sp. z o.o. z siedzib\u0105: Prusinowice 103, 95-083 Prusinowice. NIP: \u202d7312095617, REGON: 543851105, adres poczty elektronicznej (e-mail): <a href=\"mailto:contact@dailycollective.pl\" data-type=\"mailto\" data-id=\"mailto:contact@dailycollective.pl\">contact@dailycollective.pl<\/a>, zwany\/a dalej \u201eAdministratorem\u201d.<\/li>\n\n\n\n<li>Personal data collected by the Administrator through the website are processed in accordance with Regulation (EU) 2016\/679 of the European Parliament and of the Council of April 27, 2016 on the protection of natural persons with regard to the processing of personal data and on the free movement of such data and repealing Directive 95\/46\/EC (General Data Protection Regulation), hereinafter referred to as RODO, and the Law on Personal Data Protection of May 10, 2018.<\/li>\n<\/ol>\n\n\n\n<h3 class=\"wp-block-heading\">\u00a7 2 TYPE, PURPOSE AND SCOPE OF PERSONAL DATA COLLECTION<\/h3>\n\n\n\n<ol class=\"wp-block-list\">\n<li>CEL PRZETWARZANIA I PODSTAWA PRAWNA. Administrator przetwarza dane osobowe za po\u015brednictwem strony <a href=\"https:\/\/dailycup.pl\/en\/\">https:\/\/www.dailycup.pl\/<\/a> w przypadku:\n<ul class=\"wp-block-list\">\n<li>skorzystania przez u\u017cytkownika z formularza kontaktowego. Dane osobowe s\u0105 przetwarzane na podstawie art. 6 ust. 1 lit. f) RODO jako prawnie usprawiedliwiony interes Administratora.<\/li>\n\n\n\n<li>zapisania si\u0119 przez u\u017cytkownika do Newslettera w celu przesy\u0142ania informacji handlowych drog\u0105 elektroniczn\u0105. Dane osobowe s\u0105 przetwarzane po wyra\u017ceniu odr\u0119bnej zgody, na podstawie art. 6 ust. 1 lit. a) RODO.<\/li>\n<\/ul>\n<\/li>\n\n\n\n<li>RODZAJ PRZETWARZANYCH DANYCH OSOBOWYCH. Administrator przetwarza nast\u0119puj\u0105ce kategorie danych osobowych u\u017cytkownika:\n<ul class=\"wp-block-list\">\n<li>Imi\u0119 i nazwisko,<\/li>\n\n\n\n<li>Adres e-mail \u2013 niezb\u0119dny do komunikacji zwi\u0105zanej z realizacj\u0105 zam\u00f3wienia,<\/li>\n\n\n\n<li>Numer telefonu \u2013 niezb\u0119dny w przypadku wyboru niekt\u00f3rych rodzaj\u00f3w dostawy,<\/li>\n\n\n\n<li>Adres pocztowy \u2013 niezb\u0119dny do wystawienia dowodu zakupu,<\/li>\n\n\n\n<li>Miejsce wydania rzeczy \u2013 niezb\u0119dne do zaadresowania przesy\u0142ki,<\/li>\n<\/ul>\n<\/li>\n\n\n\n<li>OKRES ARCHIWIZACJI DANYCH OSOBOWYCH. Dane osobowe u\u017cytkownik\u00f3w przechowywane s\u0105 przez Administratora:\n<ul class=\"wp-block-list\">\n<li>w przypadku, gdy podstaw\u0105 przetwarzania danych jest wykonanie umowy, tak d\u0142ugo, jak jest to niezb\u0119dne do wykonania umowy, a po tym czasie przez okres odpowiadaj\u0105cy okresowi przedawnienia roszcze\u0144. Je\u017celi przepis szczeg\u00f3lny nie stanowi inaczej, termin przedawnienia wynosi lat sze\u015b\u0107, a dla roszcze\u0144 o \u015bwiadczenia okresowe oraz roszcze\u0144 zwi\u0105zanych z prowadzeniem dzia\u0142alno\u015bci gospodarczej \u2013 trzy lata.<\/li>\n\n\n\n<li>w przypadku, gdy podstaw\u0105 przetwarzania danych jest zgoda, tak d\u0142ugo, a\u017c zgoda nie zostanie odwo\u0142ana, a po odwo\u0142aniu zgody przez okres czasu odpowiadaj\u0105cy okresowi przedawnienia roszcze\u0144 jakie mo\u017ce podnosi\u0107 Administrator i jakie mog\u0105 by\u0107 podnoszone wobec niego. Je\u017celi przepis szczeg\u00f3lny nie stanowi inaczej, termin przedawnienia wynosi lat sze\u015b\u0107, a dla roszcze\u0144 o \u015bwiadczenia okresowe oraz roszcze\u0144 zwi\u0105zanych z prowadzeniem dzia\u0142alno\u015bci gospodarczej \u2013 trzy lata.<\/li>\n<\/ul>\n<\/li>\n\n\n\n<li>When you use the website, additional information may be collected, in particular: the IP address assigned to your computer or your ISP's external IP address, domain name, browser type, access time, operating system type.<\/li>\n\n\n\n<li>Navigation data may also be collected from users, including information about the links and references they choose to click on or other actions taken on the website. The legal basis for such activities is the Administrator's legitimate interest (Article 6(1)(f) RODO) in facilitating the use of electronically provided services and improving the functionality of such services.<\/li>\n\n\n\n<li>The provision of personal data by the user is voluntary.<\/li>\n\n\n\n<li>Personal data will also be processed in an automated manner in the form of profiling, provided that the user consents pursuant to Article 6(1)(a) of the DPA. The consequence of profiling will be the assignment of a profile to a person for the purpose of making decisions concerning him or her or analyzing or predicting his or her preferences, behaviors and attitudes.<\/li>\n\n\n\n<li>Administrator dok\u0142ada szczeg\u00f3lnej staranno\u015bci w celu ochrony interes\u00f3w os\u00f3b, kt\u00f3rych dane dotycz\u0105, a w szczeg\u00f3lno\u015bci zapewnia, \u017ce zbierane przez niego dane s\u0105:\n<ul class=\"wp-block-list\">\n<li>przetwarzane zgodnie z prawem,<\/li>\n\n\n\n<li>zbierane dla oznaczonych, zgodnych z prawem cel\u00f3w i niepoddawane dalszemu przetwarzaniu niezgodnemu z tymi celami,<\/li>\n\n\n\n<li>merytorycznie poprawne i adekwatne w stosunku do cel\u00f3w, w jakich s\u0105 przetwarzane oraz przechowywane w postaci umo\u017cliwiaj\u0105cej identyfikacj\u0119 os\u00f3b, kt\u00f3rych dotycz\u0105, nie d\u0142u\u017cej ni\u017c jest to niezb\u0119dne do osi\u0105gni\u0119cia celu przetwarzania.<\/li>\n<\/ul>\n<\/li>\n<\/ol>\n\n\n\n<h3 class=\"wp-block-heading\">\u00a7 3 SHARING PERSONAL DATA<\/h3>\n\n\n\n<ol class=\"wp-block-list\">\n<li>Users' personal data are transferred to the service providers used by the Administrator in running the website. Service providers to whom personal data is transferred, depending on contractual arrangements and circumstances, are either subject to the Administrator's instructions as to the purposes and means of processing such data (processors) or determine the purposes and means of processing themselves (controllers).<\/li>\n\n\n\n<li>Dane osobowe u\u017cytkownik\u00f3w s\u0105 przechowywane wy\u0142\u0105cznie na terenie Europejskiego Obszaru Gospodarczego (EOG).<\/li>\n<\/ol>\n\n\n\n<h3 class=\"wp-block-heading\">\u00a7 4 THE RIGHT TO CONTROL, ACCESS AND CORRECT THE CONTENT OF ONE'S OWN DATA<\/h3>\n\n\n\n<ol class=\"wp-block-list\">\n<li>The data subject has the right to access the content of his\/her personal data and the right to rectification, erasure, restriction of processing, the right to data portability, the right to object, the right to withdraw consent at any time without affecting the lawfulness of the processing carried out on the basis of consent before its withdrawal.<\/li>\n\n\n\n<li>Podstawy prawne \u017c\u0105dania u\u017cytkownika:\n<ul class=\"wp-block-list\">\n<li>Dost\u0119p do danych \u2013 art. 15 RODO.<\/li>\n\n\n\n<li>Sprostowanie danych \u2013 art. 16 RODO.<\/li>\n\n\n\n<li>Usuni\u0119cie danych (tzw. prawo do bycia zapomnianym) \u2013 art. 17 RODO.<\/li>\n\n\n\n<li>Ograniczenie przetwarzania \u2013 art. 18 RODO.<\/li>\n\n\n\n<li>Przeniesienie danych \u2013 art. 20 RODO.<\/li>\n\n\n\n<li>Sprzeciw \u2013 art. 21 RODO<\/li>\n\n\n\n<li>Cofni\u0119cie zgody \u2013 art. 7 ust. 3 RODO.<\/li>\n<\/ul>\n<\/li>\n\n\n\n<li>W celu realizacji uprawnie\u0144, o kt\u00f3rych mowa w pkt 2 mo\u017cna wys\u0142a\u0107 stosown\u0105 wiadomo\u015b\u0107 e-mail na adres: <a href=\"mailto:hello@dailycup.pl\">hello@dailycup.pl<\/a>.<\/li>\n\n\n\n<li>W sytuacji wyst\u0105pienia przez u\u017cytkownika z uprawnieniem wynikaj\u0105cym z powy\u017cszych praw, Administrator spe\u0142nia \u017c\u0105danie albo odmawia jego spe\u0142nienia niezw\u0142ocznie, nie p\u00f3\u017aniej jednak ni\u017c w ci\u0105gu miesi\u0105ca po jego otrzymaniu. Je\u017celi jednak \u2013 z uwagi na skomplikowany charakter \u017c\u0105dania lub liczb\u0119 \u017c\u0105da\u0144 \u2013 Administrator nie b\u0119dzie m\u00f3g\u0142 spe\u0142ni\u0107 \u017c\u0105dania w ci\u0105gu miesi\u0105ca, spe\u0142ni je w ci\u0105gu kolejnych dw\u00f3ch miesi\u0119cy informuj\u0105c u\u017cytkownika uprzednio w terminie miesi\u0105ca od otrzymania \u017c\u0105dania \u2013 o zamierzonym przed\u0142u\u017ceniu terminu oraz jego przyczynach.<\/li>\n\n\n\n<li>W przypadku stwierdzenia, \u017ce przetwarzanie danych osobowych narusza przepisy RODO, osoba, kt\u00f3rej dane dotycz\u0105, ma prawo wnie\u015b\u0107 skarg\u0119 do Prezesa Urz\u0119du Ochrony Danych Osobowych.<\/li>\n<\/ol>\n\n\n\n<h3 class=\"wp-block-heading\">\u00a7 5 PLIKI \u201eCOOKIES\u201d<\/h3>\n\n\n\n<ol class=\"wp-block-list\">\n<li>Strona Administratora u\u017cywa plik\u00f3w \u201ecookies\u201d.<\/li>\n\n\n\n<li>Instalacja plik\u00f3w \u201ecookies\u201d jest konieczna do prawid\u0142owego \u015bwiadczenia us\u0142ug na stronie internetowej. W plikach \u201ecookies\u201d znajduj\u0105 si\u0119 informacje niezb\u0119dne do prawid\u0142owego funkcjonowania strony, a tak\u017ce daj\u0105 one tak\u017ce mo\u017cliwo\u015b\u0107 opracowywania og\u00f3lnych statystyk odwiedzin strony internetowej.<\/li>\n\n\n\n<li>W ramach strony stosowane s\u0105 rodzaje plik\u00f3w \u201ecookies\u201d: sesyjne i sta\u0142e\n<ul class=\"wp-block-list\">\n<li>\u201eCookies\u201d \u201esesyjne\u201d s\u0105 plikami tymczasowymi, kt\u00f3re przechowywane s\u0105 w urz\u0105dzeniu ko\u0144cowym u\u017cytkownika do czasu wylogowania (opuszczenia strony).<\/li>\n\n\n\n<li>\u201eSta\u0142e\u201d pliki \u201ecookies\u201d przechowywane s\u0105 w urz\u0105dzeniu ko\u0144cowym u\u017cytkownika przez czas okre\u015blony w parametrach plik\u00f3w \u201ecookies\u201d lub do czasu ich usuni\u0119cia przez u\u017cytkownika.<\/li>\n<\/ul>\n<\/li>\n\n\n\n<li>Administrator wykorzystuje w\u0142asne pliki cookies w celu lepszego poznania sposobu interakcji u\u017cytkownika w zakresie zawarto\u015bci strony. Pliki gromadz\u0105 informacje o sposobie korzystania ze strony internetowej przez u\u017cytkownika, typie strony, z jakiej u\u017cytkownik zosta\u0142 przekierowany oraz liczbie odwiedzin i czasie wizyty u\u017cytkownika na stronie internetowej. Informacje te nie rejestruj\u0105 konkretnych danych osobowych u\u017cytkownika, lecz s\u0142u\u017c\u0105 do opracowania statystyk korzystania ze strony.<\/li>\n\n\n\n<li>U\u017cytkownik ma prawo zadecydowania w zakresie dost\u0119pu plik\u00f3w \u201ecookies\u201d do swojego komputera poprzez ich uprzedni wyb\u00f3r w oknie swojej przegl\u0105darki.&nbsp; Szczeg\u00f3\u0142owe informacje o mo\u017cliwo\u015bci i sposobach obs\u0142ugi plik\u00f3w \u201ecookies\u201d dost\u0119pne s\u0105 w ustawieniach oprogramowania (przegl\u0105darki internetowej).<\/li>\n<\/ol>\n\n\n\n<h3 class=\"wp-block-heading\">\u00a7 6 POSTANOWIENIA KO\u0143COWE<\/h3>\n\n\n\n<ol class=\"wp-block-list\">\n<li>Administrator stosuje \u015brodki techniczne i organizacyjne zapewniaj\u0105ce ochron\u0119 przetwarzanych danych osobowych odpowiedni\u0105 do zagro\u017ce\u0144 oraz kategorii danych obj\u0119tych ochron\u0105, a w szczeg\u00f3lno\u015bci zabezpiecza dane przed ich udost\u0119pnieniem osobom nieupowa\u017cnionym, zabraniem przez osob\u0119 nieuprawnion\u0105, przetwarzaniem z naruszeniem obowi\u0105zuj\u0105cych przepis\u00f3w oraz zmian\u0105, utrat\u0105, uszkodzeniem lub zniszczeniem.<\/li>\n\n\n\n<li>Administrator udost\u0119pnia odpowiednie \u015brodki techniczne zapobiegaj\u0105ce pozyskiwaniu i modyfikowaniu przez osoby nieuprawnione, danych osobowych przesy\u0142anych drog\u0105 elektroniczn\u0105.<\/li>\n\n\n\n<li>W sprawach nieuregulowanych niniejsz\u0105 Polityk\u0105 prywatno\u015bci stosuje si\u0119 odpowiednio przepisy RODO oraz inne w\u0142a\u015bciwe przepisy prawa polskiego.<\/li>\n<\/ol>","protected":false},"excerpt":{"rendered":"<p>Polityka prywatno\u015bci sklepu Dailycup.pl \u00a7 1 Postanowienia wst\u0119pne \u00a7 2 RODZAJ, CEL I ZAKRES ZBIERANIA DANYCH OSOBOWYCH \u00a7 3 UDOST\u0118PNIENIE DANYCH OSOBOWYCH \u00a7 4 PRAWO KONTROLI, DOST\u0118PU DO TRE\u015aCI W\u0141ASNYCH DANYCH ORAZ ICH POPRAWIANIA \u00a7 5 PLIKI \u201eCOOKIES\u201d \u00a7 6 POSTANOWIENIA KO\u0143COWE<\/p>","protected":false},"author":1,"featured_media":0,"parent":0,"menu_order":0,"comment_status":"closed","ping_status":"open","template":"","meta":{"_eb_attr":"","iawp_total_views":5,"footnotes":""},"class_list":["post-700","page","type-page","status-publish","hentry"],"blocksy_meta":[],"featured_image_urls":{"full":"","thumbnail":"","medium":"","medium_large":"","large":"","1536x1536":"","2048x2048":"","trp-custom-language-flag":"","woocommerce_archive_thumbnail":"","mailpoet_newsletter_max":"","woocommerce_thumbnail":"","woocommerce_single":"","woocommerce_gallery_thumbnail":"","variation_swatches_image_size":"","variation_swatches_tooltip_size":""},"post_excerpt_stackable":"<p>Polityka prywatno\u015bci sklepu Dailycup.pl \u00a7 1 Postanowienia wst\u0119pne Administratorem danych osobowych zbieranych za po\u015brednictwem strony internetowej https:\/\/dailycup.pl\/ jest Daily Collective sp. z o.o. z siedzib\u0105: Prusinowice 103, 95-083 Prusinowice. NIP: \u202d7312095617, REGON: 543851105, adres poczty elektronicznej (e-mail): contact@dailycollective.pl, zwany\/a dalej \u201eAdministratorem\u201d. Dane osobowe zbierane przez Administratora za po\u015brednictwem strony internetowej s\u0105 przetwarzane zgodnie z Rozporz\u0105dzeniem Parlamentu Europejskiego i Rady (UE) 2016\/679 z dnia 27 kwietnia 2016 r. w sprawie ochrony os\u00f3b fizycznych w zwi\u0105zku z przetwarzaniem danych osobowych i w sprawie swobodnego przep\u0142ywu takich danych oraz uchylenia dyrektywy 95\/46\/WE (og\u00f3lne rozporz\u0105dzenie o ochronie danych), zwane dalej RODO oraz ustaw\u0105 o&hellip;<\/p>\n","category_list":"","author_info":{"name":"Daily Cup Coffee","url":"https:\/\/dailycup.pl\/en\/author\/roastmaster\/"},"comments_num":"0 comments","_links":{"self":[{"href":"https:\/\/dailycup.pl\/en\/wp-json\/wp\/v2\/pages\/700","targetHints":{"allow":["GET"]}}],"collection":[{"href":"https:\/\/dailycup.pl\/en\/wp-json\/wp\/v2\/pages"}],"about":[{"href":"https:\/\/dailycup.pl\/en\/wp-json\/wp\/v2\/types\/page"}],"author":[{"embeddable":true,"href":"https:\/\/dailycup.pl\/en\/wp-json\/wp\/v2\/users\/1"}],"replies":[{"embeddable":true,"href":"https:\/\/dailycup.pl\/en\/wp-json\/wp\/v2\/comments?post=700"}],"version-history":[{"count":2,"href":"https:\/\/dailycup.pl\/en\/wp-json\/wp\/v2\/pages\/700\/revisions"}],"predecessor-version":[{"id":3849,"href":"https:\/\/dailycup.pl\/en\/wp-json\/wp\/v2\/pages\/700\/revisions\/3849"}],"wp:attachment":[{"href":"https:\/\/dailycup.pl\/en\/wp-json\/wp\/v2\/media?parent=700"}],"curies":[{"name":"wp","href":"https:\/\/api.w.org\/{rel}","templated":true}]}}