{"id":768,"date":"2023-10-30T13:21:03","date_gmt":"2023-10-30T12:21:03","guid":{"rendered":"https:\/\/dailycup.pl\/?page_id=768"},"modified":"2026-04-03T12:47:51","modified_gmt":"2026-04-03T10:47:51","slug":"zwroty","status":"publish","type":"page","link":"https:\/\/dailycup.pl\/en\/zwroty\/","title":{"rendered":"Returns policy"},"content":{"rendered":"<h2 class=\"wp-block-heading\">Returns policy<\/h2>\n\n\n\n<p>Jeste\u015bmy przekonani o wysokiej jako\u015bci produkt\u00f3w, kt\u00f3re oferujemy. Je\u017celi jednak chcesz dokona\u0107 zwrotu lub zasz\u0142a pomy\u0142ka w Twoim zam\u00f3wieniu, mo\u017cesz liczy\u0107 na nasz\u0105 pomoc i pe\u0142ne wsparcie.<\/p>\n\n\n\n<h3 class=\"wp-block-heading\">Jak to zrobi\u0107?<\/h3>\n\n\n\n<ul class=\"wp-block-list\">\n<li>w ci\u0105gu 14 dni od otrzymania zam\u00f3wienia wy\u015blij do nas wiadomo\u015b\u0107 na adres <a href=\"mailto:biuro@dailycup.pl\">biuro@dailycup.pl<\/a> z podaniem nast\u0119puj\u0105cych informacji: numer zam\u00f3wienia, zwracane przedmioty, adres odbioru i preferowan\u0105 dat\u0119 odbioru, przyczyna zwrotu (nieobowi\u0105zkowe)&nbsp;<\/li>\n\n\n\n<li>przy\u015blemy Tobie list przewozowy kuriera InPost, kt\u00f3ry odbierze zwracane, zapakowane przedmioty, a nast\u0119pnie otrzymasz zwrot poniesionych koszt\u00f3w w ci\u0105gu 14 dni od momentu otrzymania przez nas paczki&nbsp;<\/li>\n\n\n\n<li>zwracane przedmioty mo\u017cesz oczywi\u015bcie przywie\u017a\u0107 do naszej siedziby DAILY COLLECTIVE SP\u00d3\u0141KA Z OGRANICZON\u0104 ODPOWIEDZIALNO\u015aCI\u0104, Prusinowice 103, 95-083 Prusinowice<\/li>\n\n\n\n<li>zwroty s\u0105 bezp\u0142atne, chyba, \u017ce nie chcesz skorzysta\u0107 z naszego kuriera InPost, w\u00f3wczas musisz samodzielnie nada\u0107 paczk\u0119&nbsp;<\/li>\n\n\n\n<li>mo\u017cesz zwr\u00f3ci\u0107 wszystkie produkty, o ile nie s\u0105 u\u017cywane, a opakowania nie zosta\u0142y wcze\u015bniej otwarte<\/li>\n<\/ul>\n\n\n\n<p>Je\u017celi masz dodatkowe pytania, ch\u0119tnie pomo\u017cemy \ud83d\ude42<\/p>\n\n\n\n<p>Write to us: <a href=\"mailto:biuro@dailycup.pl\">biuro@dailycup.pl<\/a><\/p>","protected":false},"excerpt":{"rendered":"<p>Polityka zwrot\u00f3w Jeste\u015bmy przekonani o wysokiej jako\u015bci produkt\u00f3w, kt\u00f3re oferujemy. Je\u017celi jednak chcesz dokona\u0107 zwrotu lub zasz\u0142a pomy\u0142ka w Twoim zam\u00f3wieniu, mo\u017cesz liczy\u0107 na nasz\u0105 pomoc i pe\u0142ne wsparcie. Jak to zrobi\u0107? Je\u017celi masz dodatkowe pytania, ch\u0119tnie pomo\u017cemy \ud83d\ude42 Napisz do nas: biuro@dailycup.pl<\/p>","protected":false},"author":1,"featured_media":0,"parent":0,"menu_order":0,"comment_status":"closed","ping_status":"closed","template":"","meta":{"_eb_attr":"","iawp_total_views":2,"footnotes":""},"class_list":["post-768","page","type-page","status-publish","hentry"],"blocksy_meta":[],"featured_image_urls":{"full":"","thumbnail":"","medium":"","medium_large":"","large":"","1536x1536":"","2048x2048":"","trp-custom-language-flag":"","woocommerce_archive_thumbnail":"","mailpoet_newsletter_max":"","woocommerce_thumbnail":"","woocommerce_single":"","woocommerce_gallery_thumbnail":"","variation_swatches_image_size":"","variation_swatches_tooltip_size":""},"post_excerpt_stackable":"<p>Polityka zwrot\u00f3w Jeste\u015bmy przekonani o wysokiej jako\u015bci produkt\u00f3w, kt\u00f3re oferujemy. Je\u017celi jednak chcesz dokona\u0107 zwrotu lub zasz\u0142a pomy\u0142ka w Twoim zam\u00f3wieniu, mo\u017cesz liczy\u0107 na nasz\u0105 pomoc i pe\u0142ne wsparcie. Jak to zrobi\u0107? w ci\u0105gu 14 dni od otrzymania zam\u00f3wienia wy\u015blij do nas wiadomo\u015b\u0107 na adres biuro@dailycup.pl z podaniem nast\u0119puj\u0105cych informacji: numer zam\u00f3wienia, zwracane przedmioty, adres odbioru i preferowan\u0105 dat\u0119 odbioru, przyczyna zwrotu (nieobowi\u0105zkowe)&nbsp; przy\u015blemy Tobie list przewozowy kuriera InPost, kt\u00f3ry odbierze zwracane, zapakowane przedmioty, a nast\u0119pnie otrzymasz zwrot poniesionych koszt\u00f3w w ci\u0105gu 14 dni od momentu otrzymania przez nas paczki&nbsp; zwracane przedmioty mo\u017cesz oczywi\u015bcie przywie\u017a\u0107 do naszej siedziby DAILY COLLECTIVE&hellip;<\/p>\n","category_list":"","author_info":{"name":"Daily Cup Coffee","url":"https:\/\/dailycup.pl\/en\/author\/roastmaster\/"},"comments_num":"0 comments","_links":{"self":[{"href":"https:\/\/dailycup.pl\/en\/wp-json\/wp\/v2\/pages\/768","targetHints":{"allow":["GET"]}}],"collection":[{"href":"https:\/\/dailycup.pl\/en\/wp-json\/wp\/v2\/pages"}],"about":[{"href":"https:\/\/dailycup.pl\/en\/wp-json\/wp\/v2\/types\/page"}],"author":[{"embeddable":true,"href":"https:\/\/dailycup.pl\/en\/wp-json\/wp\/v2\/users\/1"}],"replies":[{"embeddable":true,"href":"https:\/\/dailycup.pl\/en\/wp-json\/wp\/v2\/comments?post=768"}],"version-history":[{"count":1,"href":"https:\/\/dailycup.pl\/en\/wp-json\/wp\/v2\/pages\/768\/revisions"}],"predecessor-version":[{"id":3848,"href":"https:\/\/dailycup.pl\/en\/wp-json\/wp\/v2\/pages\/768\/revisions\/3848"}],"wp:attachment":[{"href":"https:\/\/dailycup.pl\/en\/wp-json\/wp\/v2\/media?parent=768"}],"curies":[{"name":"wp","href":"https:\/\/api.w.org\/{rel}","templated":true}]}}