{"id":1279,"date":"2023-10-09T17:46:35","date_gmt":"2023-10-09T15:46:35","guid":{"rendered":"https:\/\/dailycup.pl\/?post_type=product&#038;p=1279"},"modified":"2026-02-12T13:56:24","modified_gmt":"2026-02-12T12:56:24","slug":"etiopia-yirgacheffee","status":"publish","type":"product","link":"https:\/\/dailycup.pl\/en\/metody-przelewowe\/kawa-afryki\/etiopia-yirgacheffee\/","title":{"rendered":"Etiopia Yirgacheffee"},"content":{"rendered":"<p>Etiopia Yirgacheffe to kawa, po kt\u00f3r\u0105 musieli\u015bmy si\u0119gn\u0105\u0107 podczas selekcji finalnych kaw dost\u0119pnych w palarni.<\/p>\n<p>Etiopia jest uwa\u017cana za kolebk\u0119 kawy, poniewa\u017c to w\u0142a\u015bnie w lasach regionu Kaffa odkryto Coffea Arabica. Obecnie Etiopia jest jednym z najbardziej atrakcyjnych kraj\u00f3w produkuj\u0105cych kaw\u0119 o du\u017cej r\u00f3\u017cnorodno\u015bci smak\u00f3w. Yirgacheffe to dystrykt w regionie Sidamo w po\u0142udniowej Etiopii. Yirgacheffe jest powszechnie uznawana za jeden z \u201eregion\u00f3w narodzin kawy\u201d. Kawy myte pochodz\u0105ce z tego okr\u0119gu s\u0105 tak znane i poszukiwane. Yirgacheffe jest uwa\u017cana za mikroregion Sidamo. Metody uprawy w Yirgacheffe pozostaj\u0105 w du\u017cej mierze tradycyjne. Rolnicy z Yirgacheffe zazwyczaj uprawiaj\u0105 kaw\u0119 w po\u0142\u0105czeniu z innymi ro\u015blinami spo\u017cywczymi. Metoda ta jest powszechna w\u015br\u00f3d drobnych rolnik\u00f3w, poniewa\u017c maksymalizuje wykorzystanie grunt\u00f3w i zapewnia \u017cywno\u015b\u0107 dla ich rodzin.<\/p>\n<p>In addition to traditional intercropping, most farms are also traditional and organic by design. Farmers in Yirgacheffe typically use very few - if any - fertilizers or pesticides. Most farming is done by hand, and very few tasks are mechanized, even during processing.<\/p>\n<p>In Yirgacheffe, most farmers grow their crops on small farms. Instead of processing the coffee with their own machinery, they usually join forces and organize around central washing stations. There, the cherries are harvested and carefully sorted. The coffee goes through a very meticulous sorting process thanks to this we get a coffee profile where you can sense the dominance of black tea and peach notes combined with citrus acidity. All this with a subtle sweet finish.<\/p>","protected":false},"excerpt":{"rendered":"<p class=\"translation-block\">Growing height: <strong>1700-2000 masl<br> <\/strong>Processing: <strong>Wet<br> <\/strong>Botanical variety: <strong>Heirloom<br> <\/strong>Roast degree: <strong>Light<br> <\/strong>Flavor profile: <strong>Floral, peach, tea, citrus<br> <\/strong>Recommended for: <strong>Pour-over machine, Drip, Chemex, Aeropress<\/strong>.<\/p>\n<p class=\"translation-block\">Package size: <strong>250g<\/strong><\/p>","protected":false},"featured_media":3158,"template":"","meta":{"_eb_attr":"","iawp_total_views":15},"product_brand":[],"product_cat":[70,48],"product_tag":[],"class_list":{"0":"post-1279","1":"product","2":"type-product","3":"status-publish","4":"has-post-thumbnail","6":"product_cat-kawa-afryki","7":"product_cat-metody-przelewowe","9":"first","10":"instock","11":"purchasable","12":"product-type-simple"},"featured_image_urls":{"full":["https:\/\/dailycup.pl\/wp-content\/uploads\/2023\/10\/etiopia-sklep.webp",1080,1080,false],"thumbnail":["https:\/\/dailycup.pl\/wp-content\/uploads\/2023\/10\/etiopia-sklep-150x150.webp",150,150,true],"medium":["https:\/\/dailycup.pl\/wp-content\/uploads\/2023\/10\/etiopia-sklep-300x300.webp",300,300,true],"medium_large":["https:\/\/dailycup.pl\/wp-content\/uploads\/2023\/10\/etiopia-sklep-768x768.webp",768,768,true],"large":["https:\/\/dailycup.pl\/wp-content\/uploads\/2023\/10\/etiopia-sklep-1024x1024.webp",1024,1024,true],"1536x1536":["https:\/\/dailycup.pl\/wp-content\/uploads\/2023\/10\/etiopia-sklep.webp",1080,1080,false],"2048x2048":["https:\/\/dailycup.pl\/wp-content\/uploads\/2023\/10\/etiopia-sklep.webp",1080,1080,false],"trp-custom-language-flag":["https:\/\/dailycup.pl\/wp-content\/uploads\/2023\/10\/etiopia-sklep-12x12.webp",12,12,true],"woocommerce_archive_thumbnail":["https:\/\/dailycup.pl\/wp-content\/uploads\/2023\/10\/etiopia-sklep-500x500.webp",500,500,true],"mailpoet_newsletter_max":["https:\/\/dailycup.pl\/wp-content\/uploads\/2023\/10\/etiopia-sklep.webp",1080,1080,false],"woocommerce_thumbnail":["https:\/\/dailycup.pl\/wp-content\/uploads\/2023\/10\/etiopia-sklep-500x500.webp",500,500,true],"woocommerce_single":["https:\/\/dailycup.pl\/wp-content\/uploads\/2023\/10\/etiopia-sklep-600x600.webp",600,600,true],"woocommerce_gallery_thumbnail":["https:\/\/dailycup.pl\/wp-content\/uploads\/2023\/10\/etiopia-sklep-100x100.webp",100,100,true],"variation_swatches_image_size":["https:\/\/dailycup.pl\/wp-content\/uploads\/2023\/10\/etiopia-sklep-50x50.webp",50,50,true],"variation_swatches_tooltip_size":["https:\/\/dailycup.pl\/wp-content\/uploads\/2023\/10\/etiopia-sklep-100x100.webp",100,100,true]},"post_excerpt_stackable":"<p>Wysoko\u015b\u0107 upraw: <strong>1700-2000 n.p.m.<br \/>\n<\/strong>Rodzaj obr\u00f3bki: <strong>Na mokro<br \/>\n<\/strong>Odmiana botaniczna: <strong>Heirloom<br \/>\n<\/strong>Stopie\u0144 palenia: <strong>Jasny<br \/>\n<\/strong>Profil smakowy: <strong>Kwiaty, brzoskwinie, herbata, cytrusy<br \/>\n<\/strong>Polecane do: <strong>Ekspres przelewowy, Drip, Chemex, Aeropress<\/strong><\/p>\n<p>Wielko\u015b\u0107 opakowania: <strong>250g<\/strong><\/p>\n","category_list":"","author_info":{"name":"","url":""},"comments_num":"0 comments","_links":{"self":[{"href":"https:\/\/dailycup.pl\/en\/wp-json\/wp\/v2\/product\/1279","targetHints":{"allow":["GET"]}}],"collection":[{"href":"https:\/\/dailycup.pl\/en\/wp-json\/wp\/v2\/product"}],"about":[{"href":"https:\/\/dailycup.pl\/en\/wp-json\/wp\/v2\/types\/product"}],"wp:featuredmedia":[{"embeddable":true,"href":"https:\/\/dailycup.pl\/en\/wp-json\/wp\/v2\/media\/3158"}],"wp:attachment":[{"href":"https:\/\/dailycup.pl\/en\/wp-json\/wp\/v2\/media?parent=1279"}],"wp:term":[{"taxonomy":"product_brand","embeddable":true,"href":"https:\/\/dailycup.pl\/en\/wp-json\/wp\/v2\/product_brand?post=1279"},{"taxonomy":"product_cat","embeddable":true,"href":"https:\/\/dailycup.pl\/en\/wp-json\/wp\/v2\/product_cat?post=1279"},{"taxonomy":"product_tag","embeddable":true,"href":"https:\/\/dailycup.pl\/en\/wp-json\/wp\/v2\/product_tag?post=1279"}],"curies":[{"name":"wp","href":"https:\/\/api.w.org\/{rel}","templated":true}]}}