{"id":1462,"date":"2023-09-11T16:28:49","date_gmt":"2023-09-11T14:28:49","guid":{"rendered":"https:\/\/dailycup.pl\/?post_type=product&#038;p=1462"},"modified":"2026-02-12T13:56:25","modified_gmt":"2026-02-12T12:56:25","slug":"origami-m-filtry-do-kawy","status":"publish","type":"product","link":"https:\/\/dailycup.pl\/en\/akcesoria-kawowe\/filtry-do-kawy\/origami-m-filtry-do-kawy\/","title":{"rendered":"Origami M coffee filters"},"content":{"rendered":"<div class=\"flex flex-grow flex-col max-w-full gap-3 gizmo:gap-0\">\n<div class=\"min-h-[20px] text-message peer flex flex-col items-start gap-3 whitespace-pre-wrap break-words peer-[.text-message]:mt-5 overflow-x-auto\" data-message-author-role=\"assistant\" data-message-id=\"d27ae1dc-9ee6-4738-8dce-f8c8d19a114b\">\n<div class=\"markdown prose w-full break-words dark:prose-invert dark\">\n<p>Filtr do kawy Origami w rozmiarze M to doskona\u0142y wyb\u00f3r dla mi\u0142o\u015bnik\u00f3w kawy przelewowej, kt\u00f3rzy ceni\u0105 sobie precyzj\u0119 i wyj\u0105tkowy smak naparu. Origami s\u0105 starannie zaprojektowane i wykonane z niezwyk\u0142\u0105 dba\u0142o\u015bci\u0105.<\/p>\n<p>Jednym z kluczowych element\u00f3w projektu filtr\u00f3w Origami jest ich struktura, kt\u00f3ra umo\u017cliwia swobodny przep\u0142yw wody przez kaw\u0119. To z kolei przyczynia si\u0119 do wydobywania esencji kawowej z mielonych ziaren, gwarantuj\u0105c przy tym jednocze\u015bnie czysty napar bez niepo\u017c\u0105danych zanieczyszcze\u0144. Wykonane z wysokiej jako\u015bci papieru, filtry Origami s\u0105 ekologiczne i biodegradowalne, co sprawia, \u017ce picie kawy przy ich u\u017cyciu staje si\u0119 bardziej przyjazne \u015brodowisku.<\/p>\n<p>Filtry do kawy Origami M mo\u017ce by\u0107 u\u017cywany z r\u00f3\u017cnymi rodzajami zaparzaczy. Mog\u0105 by\u0107 nimi Hario V60, Origami oraz ka\u017cdy podobny ich budowie dripper sto\u017ckowy. Jest to idealne rozwi\u0105zanie dla os\u00f3b, kt\u00f3re ceni\u0105 sobie rytua\u0142 r\u0119cznego parzenia kawy i chc\u0105 uzyska\u0107 napar o intensywnym smaku i aromacie.<\/p>\n<\/div>\n<p>Mieli\u015bmy mo\u017cliwo\u015b\u0107 por\u00f3wnywania tych filtr\u00f3w z innymi dost\u0119pnymi na rynku takimi jak Cafec, Hario czy Timemore. Po wielu testach mo\u017cemy zapewni\u0107, \u017ce wybieraj\u0105c filtry Origami, wybieracie to najlepsze w \u015bwiecie papierowych filtr\u00f3w do kawy.<\/p>\n<\/div>\n<\/div>\n","protected":false},"excerpt":{"rendered":"<div class=\"translation-block\">Color: <strong>white<\/strong><br> Material: <strong>paper<\/strong><br> <span class=\"def\">Size: <strong>M\/1-4 cups<\/strong><br> <\/span><span class=\"def\">Quantity per package: <strong>100 pieces<\/strong><\/span>.<\/div>","protected":false},"featured_media":3150,"template":"","meta":{"_eb_attr":"","iawp_total_views":8},"product_brand":[],"product_cat":[44,92],"product_tag":[],"class_list":{"0":"post-1462","1":"product","2":"type-product","3":"status-publish","4":"has-post-thumbnail","6":"product_cat-akcesoria-kawowe","7":"product_cat-filtry-do-kawy","9":"first","10":"instock","11":"sold-individually","12":"purchasable","13":"product-type-simple"},"featured_image_urls":{"full":["https:\/\/dailycup.pl\/wp-content\/uploads\/2023\/10\/origami-filtry-akcesoria.webp",1080,1080,false],"thumbnail":["https:\/\/dailycup.pl\/wp-content\/uploads\/2023\/10\/origami-filtry-akcesoria-150x150.webp",150,150,true],"medium":["https:\/\/dailycup.pl\/wp-content\/uploads\/2023\/10\/origami-filtry-akcesoria-300x300.webp",300,300,true],"medium_large":["https:\/\/dailycup.pl\/wp-content\/uploads\/2023\/10\/origami-filtry-akcesoria-768x768.webp",768,768,true],"large":["https:\/\/dailycup.pl\/wp-content\/uploads\/2023\/10\/origami-filtry-akcesoria-1024x1024.webp",1024,1024,true],"1536x1536":["https:\/\/dailycup.pl\/wp-content\/uploads\/2023\/10\/origami-filtry-akcesoria.webp",1080,1080,false],"2048x2048":["https:\/\/dailycup.pl\/wp-content\/uploads\/2023\/10\/origami-filtry-akcesoria.webp",1080,1080,false],"trp-custom-language-flag":["https:\/\/dailycup.pl\/wp-content\/uploads\/2023\/10\/origami-filtry-akcesoria-12x12.webp",12,12,true],"woocommerce_archive_thumbnail":["https:\/\/dailycup.pl\/wp-content\/uploads\/2023\/10\/origami-filtry-akcesoria-500x500.webp",500,500,true],"mailpoet_newsletter_max":["https:\/\/dailycup.pl\/wp-content\/uploads\/2023\/10\/origami-filtry-akcesoria.webp",1080,1080,false],"woocommerce_thumbnail":["https:\/\/dailycup.pl\/wp-content\/uploads\/2023\/10\/origami-filtry-akcesoria-500x500.webp",500,500,true],"woocommerce_single":["https:\/\/dailycup.pl\/wp-content\/uploads\/2023\/10\/origami-filtry-akcesoria-600x600.webp",600,600,true],"woocommerce_gallery_thumbnail":["https:\/\/dailycup.pl\/wp-content\/uploads\/2023\/10\/origami-filtry-akcesoria-100x100.webp",100,100,true],"variation_swatches_image_size":["https:\/\/dailycup.pl\/wp-content\/uploads\/2023\/10\/origami-filtry-akcesoria-50x50.webp",50,50,true],"variation_swatches_tooltip_size":["https:\/\/dailycup.pl\/wp-content\/uploads\/2023\/10\/origami-filtry-akcesoria-100x100.webp",100,100,true]},"post_excerpt_stackable":"<div>Kolor: <strong>bia\u0142y<\/strong><br \/>\nMateria\u0142: <strong>papier<\/strong><br \/>\n<span class=\"def\">Rozmiar: <strong>M\/1-4 fili\u017canki<\/strong><br \/>\n<\/span><span class=\"def\">Ilo\u015b\u0107 w opakowaniu: <strong>100 szt.<\/strong><\/span><\/div>\n","category_list":"","author_info":{"name":"","url":""},"comments_num":"0 comments","_links":{"self":[{"href":"https:\/\/dailycup.pl\/en\/wp-json\/wp\/v2\/product\/1462","targetHints":{"allow":["GET"]}}],"collection":[{"href":"https:\/\/dailycup.pl\/en\/wp-json\/wp\/v2\/product"}],"about":[{"href":"https:\/\/dailycup.pl\/en\/wp-json\/wp\/v2\/types\/product"}],"wp:featuredmedia":[{"embeddable":true,"href":"https:\/\/dailycup.pl\/en\/wp-json\/wp\/v2\/media\/3150"}],"wp:attachment":[{"href":"https:\/\/dailycup.pl\/en\/wp-json\/wp\/v2\/media?parent=1462"}],"wp:term":[{"taxonomy":"product_brand","embeddable":true,"href":"https:\/\/dailycup.pl\/en\/wp-json\/wp\/v2\/product_brand?post=1462"},{"taxonomy":"product_cat","embeddable":true,"href":"https:\/\/dailycup.pl\/en\/wp-json\/wp\/v2\/product_cat?post=1462"},{"taxonomy":"product_tag","embeddable":true,"href":"https:\/\/dailycup.pl\/en\/wp-json\/wp\/v2\/product_tag?post=1462"}],"curies":[{"name":"wp","href":"https:\/\/api.w.org\/{rel}","templated":true}]}}