{"id":1468,"date":"2023-09-11T18:04:48","date_gmt":"2023-09-11T16:04:48","guid":{"rendered":"https:\/\/dailycup.pl\/?post_type=product&#038;p=1468"},"modified":"2024-04-23T23:07:47","modified_gmt":"2024-04-23T21:07:47","slug":"aeropress-filtry-papierowe-350szt","status":"publish","type":"product","link":"https:\/\/dailycup.pl\/en\/akcesoria-kawowe\/filtry-do-kawy\/aeropress-filtry-papierowe-350szt\/","title":{"rendered":"AeroPress paper filters 350pcs"},"content":{"rendered":"<div class=\"flex-col gap-1 md:gap-3\">\n<div class=\"flex flex-grow flex-col max-w-full gap-3 gizmo:gap-0\">\n<div class=\"min-h-[20px] text-message peer flex flex-col items-start gap-3 whitespace-pre-wrap break-words peer-[.text-message]:mt-5 overflow-x-auto\" data-message-author-role=\"assistant\" data-message-id=\"32953a97-aa7d-42e0-9624-17d1a41aa420\">\n<div class=\"markdown prose w-full break-words dark:prose-invert dark\">\n<p>Maj\u0105c Aeropress potrzebujemy jakiego\u015b rodzaju filtra, aby oddzieli\u0107 zmielone ziarna od naparu w naszym kubku czy karafce. Papierowe filtry s\u0105 nieod\u0142\u0105cznym elementem tego procesu i wp\u0142ywaj\u0105 na smak oraz czysto\u015b\u0107 napoju.<\/p>\n<p>Te cienkie, okr\u0105g\u0142e kawa\u0142ki papieru spe\u0142niaj\u0105 kilka wa\u017cnych funkcji, kt\u00f3re wp\u0142ywaj\u0105 na jako\u015b\u0107 kawy.<\/p>\n<p>Po pierwsze, filtry te eliminuj\u0105 wi\u0119kszo\u015b\u0107 olejk\u00f3w i mikrodrobinek kawy, co sprawia, \u017ce napar jest znacznie bardziej klarowny i milszy w odbiorze . Dzi\u0119ki nim unikamy kawowej zawiesiny, kt\u00f3ra mo\u017ce sprawi\u0107, \u017ce kawa jest m\u0119tna pozostawiaj\u0105c uczucie nieprzyjemnej cierpko\u015bci.<\/p>\n<p>Po drugie, papierowe filtry zmniejszaj\u0105 goryczk\u0119 kawy, poniewa\u017c pozwalaj\u0105 nam pi\u0107 tylko zaparzone drobiny ziaren. Dla wielu kawoszy jest to istotne, poniewa\u017c umo\u017cliwia to wydobycie bardziej subtelnych nut smakowych.<\/p>\n<p>Po trzecie, filtry papierowe s\u0105 \u0142atwe w u\u017cyciu i utrzymaniu czysto\u015bci. Po prostu wk\u0142ada si\u0119 je do kosza AeroPressa, co jest prostym i higienicznym rozwi\u0105zaniem. Po parzeniu kawy wystarczy je wyrzuci\u0107.<\/p>\n<p>Opr\u00f3cz papierowych filtr\u00f3w do AeroPressa mo\u017cemy te\u017c zaopatrzy\u0107 si\u0119 w filtr metalowy. B\u0119dzie on przepuszcza\u0142 wi\u0119cej kawowych dobin oraz olej\u00f3w, uwydatniaj\u0105c ci\u0119\u017cszy i odwa\u017cniejszy charakter kawy. B\u0119dzie to smak, kt\u00f3ry mo\u017cemy zna\u0107 zaparzaj\u0105c kaw\u0119 we French Pressie.<\/p>\n<p>Podsumowuj\u0105c, papierowe filtry do AeroPressa to istotny czynnik w procesie parzenia. Maj\u0105c AreoPress na pewno ich potrzebujesz!<\/p>\n<\/div>\n<\/div>\n<\/div>\n<\/div>\n","protected":false},"excerpt":{"rendered":"<p class=\"translation-block\">Color: <strong>white<\/strong><br> Material: <strong>paper<\/strong><br> <span class=\"def\">Quantity per package: <strong>350<\/strong><\/span><br> Filter dimensions: <strong>6.4cm<\/strong>.<\/p>","protected":false},"featured_media":3149,"template":"","meta":{"_eb_attr":"","iawp_total_views":1},"product_brand":[],"product_cat":[44,92],"product_tag":[],"class_list":{"0":"post-1468","1":"product","2":"type-product","3":"status-publish","4":"has-post-thumbnail","6":"product_cat-akcesoria-kawowe","7":"product_cat-filtry-do-kawy","9":"first","10":"instock","11":"sold-individually","12":"purchasable","13":"product-type-simple"},"featured_image_urls":{"full":["https:\/\/dailycup.pl\/wp-content\/uploads\/2023\/10\/aeropress-filtry-akcesoria.webp",1080,1080,false],"thumbnail":["https:\/\/dailycup.pl\/wp-content\/uploads\/2023\/10\/aeropress-filtry-akcesoria-150x150.webp",150,150,true],"medium":["https:\/\/dailycup.pl\/wp-content\/uploads\/2023\/10\/aeropress-filtry-akcesoria-300x300.webp",300,300,true],"medium_large":["https:\/\/dailycup.pl\/wp-content\/uploads\/2023\/10\/aeropress-filtry-akcesoria-768x768.webp",768,768,true],"large":["https:\/\/dailycup.pl\/wp-content\/uploads\/2023\/10\/aeropress-filtry-akcesoria-1024x1024.webp",1024,1024,true],"1536x1536":["https:\/\/dailycup.pl\/wp-content\/uploads\/2023\/10\/aeropress-filtry-akcesoria.webp",1080,1080,false],"2048x2048":["https:\/\/dailycup.pl\/wp-content\/uploads\/2023\/10\/aeropress-filtry-akcesoria.webp",1080,1080,false],"trp-custom-language-flag":["https:\/\/dailycup.pl\/wp-content\/uploads\/2023\/10\/aeropress-filtry-akcesoria-12x12.webp",12,12,true],"woocommerce_archive_thumbnail":["https:\/\/dailycup.pl\/wp-content\/uploads\/2023\/10\/aeropress-filtry-akcesoria-500x500.webp",500,500,true],"mailpoet_newsletter_max":["https:\/\/dailycup.pl\/wp-content\/uploads\/2023\/10\/aeropress-filtry-akcesoria.webp",1080,1080,false],"woocommerce_thumbnail":["https:\/\/dailycup.pl\/wp-content\/uploads\/2023\/10\/aeropress-filtry-akcesoria-500x500.webp",500,500,true],"woocommerce_single":["https:\/\/dailycup.pl\/wp-content\/uploads\/2023\/10\/aeropress-filtry-akcesoria-600x600.webp",600,600,true],"woocommerce_gallery_thumbnail":["https:\/\/dailycup.pl\/wp-content\/uploads\/2023\/10\/aeropress-filtry-akcesoria-100x100.webp",100,100,true],"variation_swatches_image_size":["https:\/\/dailycup.pl\/wp-content\/uploads\/2023\/10\/aeropress-filtry-akcesoria-50x50.webp",50,50,true],"variation_swatches_tooltip_size":["https:\/\/dailycup.pl\/wp-content\/uploads\/2023\/10\/aeropress-filtry-akcesoria-100x100.webp",100,100,true]},"post_excerpt_stackable":"<p>Kolor: <strong>bia\u0142y<\/strong><br \/>\nMateria\u0142: <strong>papier<\/strong><br \/>\n<span class=\"def\">Ilo\u015b\u0107 w opakowaniu: <strong>350<\/strong><\/span><br \/>\nWymiary filtra: <strong>6,4cm<\/strong><\/p>\n","category_list":"","author_info":{"name":"","url":""},"comments_num":"0 comments","_links":{"self":[{"href":"https:\/\/dailycup.pl\/en\/wp-json\/wp\/v2\/product\/1468","targetHints":{"allow":["GET"]}}],"collection":[{"href":"https:\/\/dailycup.pl\/en\/wp-json\/wp\/v2\/product"}],"about":[{"href":"https:\/\/dailycup.pl\/en\/wp-json\/wp\/v2\/types\/product"}],"wp:featuredmedia":[{"embeddable":true,"href":"https:\/\/dailycup.pl\/en\/wp-json\/wp\/v2\/media\/3149"}],"wp:attachment":[{"href":"https:\/\/dailycup.pl\/en\/wp-json\/wp\/v2\/media?parent=1468"}],"wp:term":[{"taxonomy":"product_brand","embeddable":true,"href":"https:\/\/dailycup.pl\/en\/wp-json\/wp\/v2\/product_brand?post=1468"},{"taxonomy":"product_cat","embeddable":true,"href":"https:\/\/dailycup.pl\/en\/wp-json\/wp\/v2\/product_cat?post=1468"},{"taxonomy":"product_tag","embeddable":true,"href":"https:\/\/dailycup.pl\/en\/wp-json\/wp\/v2\/product_tag?post=1468"}],"curies":[{"name":"wp","href":"https:\/\/api.w.org\/{rel}","templated":true}]}}