{"id":3355,"date":"2024-03-22T18:07:14","date_gmt":"2024-03-22T17:07:14","guid":{"rendered":"https:\/\/dailycup.pl\/?post_type=product&#038;p=3355"},"modified":"2026-04-11T10:00:57","modified_gmt":"2026-04-11T08:00:57","slug":"brazylia-fazenda-san-martin","status":"publish","type":"product","link":"https:\/\/dailycup.pl\/en\/espresso\/brazylia-fazenda-san-martin\/","title":{"rendered":"Brazylia Fazenda San Martin"},"content":{"rendered":"<div class=\"flex flex-grow flex-col max-w-full\">\n<div class=\"min-h-[20px] text-message flex flex-col items-start gap-3 whitespace-pre-wrap break-words [.text-message+&amp;]:mt-5 overflow-x-auto\" data-message-author-role=\"assistant\" data-message-id=\"daa056d3-6f52-4868-b636-5a3c2f24f29c\">\n<div class=\"markdown prose w-full break-words dark:prose-invert dark\">\n<p>Zapraszamy do odkrycia wyj\u0105tkowego smaku kawy z Brazylii, prosto z plantacji Fazenda San Martin. Ta malowniczo po\u0142o\u017cona posiad\u0142o\u015b\u0107, po\u015br\u00f3d brazylijskiej sawanny, stanowi prawdziw\u0105 per\u0142\u0119 w stanie Minas Gerais, w pobli\u017cu dystryktu Patrocinio. Na obszarze 35 hektar\u00f3w, pod czujnym okiem Senhora Nelsona Rivelliniego, kontynuowana jest ponad 100-letnia tradycja rodzinna. Ju\u017c od czas\u00f3w jego dziadka, kt\u00f3ry z W\u0142och przyby\u0142 do Brazylii, by za\u0142o\u017cy\u0107 pierwsze plantacje kawy w S\u00e3o Paulo, a p\u00f3\u017aniej w Paran\u00e1, kawa z Fazenda San Martin jest symbolem starannej hodowli i pasji do tradycji.<\/p>\n<p>Brazylia Fazenda San Martin z regionu Minas Gerais wyr\u00f3\u017cnia si\u0119 nie tylko wyj\u0105tkowym smakiem, ale tak\u017ce dba\u0142o\u015bci\u0105 o \u015brodowisko i spo\u0142eczno\u015b\u0107 lokaln\u0105. Opr\u00f3cz tradycyjnych metod przetwarzania, stosujemy innowacyjn\u0105 technik\u0119 &#8222;eco-washed&#8221; lub p\u00f3\u0142mycia, pozostaj\u0105c jednocze\u015bnie cz\u0142onkiem stowarzyszenia plantator\u00f3w kawy Cerrado. To gwarancja wysokich standard\u00f3w jako\u015bci i zr\u00f3wnowa\u017conego pochodzenia naszej kawy.<\/p>\n<p>Nasza kawa to harmonijne po\u0142\u0105czenie smak\u00f3w. Czujesz nuty mlecznej czekolady i migda\u0142\u00f3w, delikatny posmak go\u017adzik\u00f3w oraz soczyste akcenty moreli. To wyj\u0105tkowe do\u015bwiadczenie dla podniebienia ka\u017cdego mi\u0142o\u015bnika porannej kawy.<\/p>\n<\/div>\n<\/div>\n<\/div>\n","protected":false},"excerpt":{"rendered":"<p class=\"translation-block\">Growing height: <strong>985 - 1,000 masl<\/strong><br>Processing: <strong>Natural<br> <\/strong>Botanical variety: <strong><span class=\"element-icon-list-text\">Catua\u00ed<br> <\/span><\/strong>Roast degree: <strong>Medium<br> <\/strong>Flavor profile: <strong>Milk chocolate, almonds, cloves, apricots<br> <\/strong>Recommended for: <strong>Espresso machine, Moka Pot<\/strong><\/p>\n<p class=\"translation-block\">Package size: <strong>250g<\/strong><\/p>","protected":false},"featured_media":3359,"template":"","meta":{"_eb_attr":"","iawp_total_views":44},"product_brand":[],"product_cat":[47,73],"product_tag":[],"class_list":{"0":"post-3355","1":"product","2":"type-product","3":"status-publish","4":"has-post-thumbnail","6":"product_cat-espresso","7":"product_cat-kawa-ameryki-centralnej-espresso","9":"first","10":"instock","11":"purchasable","12":"product-type-simple"},"featured_image_urls":{"full":["https:\/\/dailycup.pl\/wp-content\/uploads\/2024\/03\/brazylia-sammartin-sklep_edited.webp",2000,2000,false],"thumbnail":["https:\/\/dailycup.pl\/wp-content\/uploads\/2024\/03\/brazylia-sammartin-sklep_edited-150x150.webp",150,150,true],"medium":["https:\/\/dailycup.pl\/wp-content\/uploads\/2024\/03\/brazylia-sammartin-sklep_edited-300x300.webp",300,300,true],"medium_large":["https:\/\/dailycup.pl\/wp-content\/uploads\/2024\/03\/brazylia-sammartin-sklep_edited-768x768.webp",768,768,true],"large":["https:\/\/dailycup.pl\/wp-content\/uploads\/2024\/03\/brazylia-sammartin-sklep_edited-1024x1024.webp",1024,1024,true],"1536x1536":["https:\/\/dailycup.pl\/wp-content\/uploads\/2024\/03\/brazylia-sammartin-sklep_edited-1536x1536.webp",1536,1536,true],"2048x2048":["https:\/\/dailycup.pl\/wp-content\/uploads\/2024\/03\/brazylia-sammartin-sklep_edited.webp",2000,2000,false],"trp-custom-language-flag":["https:\/\/dailycup.pl\/wp-content\/uploads\/2024\/03\/brazylia-sammartin-sklep_edited-12x12.webp",12,12,true],"woocommerce_archive_thumbnail":["https:\/\/dailycup.pl\/wp-content\/uploads\/2024\/03\/brazylia-sammartin-sklep_edited-500x500.webp",500,500,true],"mailpoet_newsletter_max":["https:\/\/dailycup.pl\/wp-content\/uploads\/2024\/03\/brazylia-sammartin-sklep_edited-1320x1320.webp",1320,1320,true],"woocommerce_thumbnail":["https:\/\/dailycup.pl\/wp-content\/uploads\/2024\/03\/brazylia-sammartin-sklep_edited-500x500.webp",500,500,true],"woocommerce_single":["https:\/\/dailycup.pl\/wp-content\/uploads\/2024\/03\/brazylia-sammartin-sklep_edited-600x600.webp",600,600,true],"woocommerce_gallery_thumbnail":["https:\/\/dailycup.pl\/wp-content\/uploads\/2024\/03\/brazylia-sammartin-sklep_edited-100x100.webp",100,100,true],"variation_swatches_image_size":["https:\/\/dailycup.pl\/wp-content\/uploads\/2024\/03\/brazylia-sammartin-sklep_edited-50x50.webp",50,50,true],"variation_swatches_tooltip_size":["https:\/\/dailycup.pl\/wp-content\/uploads\/2024\/03\/brazylia-sammartin-sklep_edited-100x100.webp",100,100,true]},"post_excerpt_stackable":"<p>Wysoko\u015b\u0107 upraw:\u00a0<strong>985 \u2013 1,000 m n.p.m.<br \/>\n<\/strong>Rodzaj obr\u00f3bki: <strong>Naturalnie<br \/>\n<\/strong>Odmiana botaniczna: <strong><span class=\"elementor-icon-list-text\">Catua\u00ed<br \/>\n<\/span><\/strong>Stopie\u0144 palenia: <strong>\u015aredni<br \/>\n<\/strong>Profil smakowy: <strong>Mleczna czekolada, migad\u0142y, go\u017adziki, morele<br \/>\n<\/strong>Polecane do: <strong>Ekspres ci\u015bnieniowy, Kawiarka<\/strong><\/p>\n<p>Wielko\u015b\u0107 opakowania: <strong>250g<\/strong><\/p>\n","category_list":"","author_info":{"name":"","url":""},"comments_num":"0 comments","_links":{"self":[{"href":"https:\/\/dailycup.pl\/en\/wp-json\/wp\/v2\/product\/3355","targetHints":{"allow":["GET"]}}],"collection":[{"href":"https:\/\/dailycup.pl\/en\/wp-json\/wp\/v2\/product"}],"about":[{"href":"https:\/\/dailycup.pl\/en\/wp-json\/wp\/v2\/types\/product"}],"wp:featuredmedia":[{"embeddable":true,"href":"https:\/\/dailycup.pl\/en\/wp-json\/wp\/v2\/media\/3359"}],"wp:attachment":[{"href":"https:\/\/dailycup.pl\/en\/wp-json\/wp\/v2\/media?parent=3355"}],"wp:term":[{"taxonomy":"product_brand","embeddable":true,"href":"https:\/\/dailycup.pl\/en\/wp-json\/wp\/v2\/product_brand?post=3355"},{"taxonomy":"product_cat","embeddable":true,"href":"https:\/\/dailycup.pl\/en\/wp-json\/wp\/v2\/product_cat?post=3355"},{"taxonomy":"product_tag","embeddable":true,"href":"https:\/\/dailycup.pl\/en\/wp-json\/wp\/v2\/product_tag?post=3355"}],"curies":[{"name":"wp","href":"https:\/\/api.w.org\/{rel}","templated":true}]}}