{"id":3801,"date":"2025-11-22T17:33:59","date_gmt":"2025-11-22T16:33:59","guid":{"rendered":"https:\/\/dailycup.pl\/?post_type=product&#038;p=3801"},"modified":"2025-11-22T17:58:07","modified_gmt":"2025-11-22T16:58:07","slug":"filtry-papierowe-kalita-wave-185-100-sztuk","status":"publish","type":"product","link":"https:\/\/dailycup.pl\/en\/akcesoria-kawowe\/filtry-do-kawy\/filtry-papierowe-kalita-wave-185-100-sztuk\/","title":{"rendered":"Filtry papierowe Kalita Wave 185 &#8211; 100 sztuk"},"content":{"rendered":"<div class=\"flex flex-grow flex-col max-w-full gap-3 gizmo:gap-0\">\n<div class=\"min-h-[20px] text-message peer flex flex-col items-start gap-3 whitespace-pre-wrap break-words peer-[.text-message]:mt-5 overflow-x-auto\" data-message-author-role=\"assistant\" data-message-id=\"d27ae1dc-9ee6-4738-8dce-f8c8d19a114b\">\n<div class=\"markdown prose w-full break-words dark:prose-invert dark\">\n<p class=\"p1\">Filtry Kalita Wave 185 (100 szt.) to jeden z tych produkt\u00f3w, po kt\u00f3re si\u0119ga si\u0119 raz\u2026 a potem ju\u017c zawsze chce si\u0119 mie\u0107 je pod r\u0119k\u0105. Je\u015bli lubisz parzy\u0107 kaw\u0119 w spos\u00f3b spokojny, kontrolowany i powtarzalny, te filtry szybko stan\u0105 si\u0119 Twoimi ulubionymi.<\/p>\n<p class=\"p1\">To, co w Kalicie Wave zachwyca ju\u017c od pierwszego u\u017cycia, to ich charakterystyczna, pofalowana konstrukcja. Ta \u201efalka\u201d naprawd\u0119 robi r\u00f3\u017cnic\u0119 \u2014 woda przep\u0142ywa przez kaw\u0119 r\u00f3wnomiernie, bez niespodzianek, a napar wychodzi czysty, g\u0142adki i pe\u0142en s\u0142odyczy. Filtr nie przykleja si\u0119 do \u015bcianek drippera, nie blokuje przep\u0142ywu, nie buntuje si\u0119 w trakcie parzenia. Po prostu robi swoje, a Ty mo\u017cesz skupi\u0107 si\u0119 na tym, co najwa\u017cniejsze: dobrej kawie.<\/p>\n<p class=\"p1\">Filtry wykonane s\u0105 z wysokiej jako\u015bci papieru, kt\u00f3ry jest cienki, ale nie za cienki \u2014 idealnie wywa\u017cony. S\u0105 ekologiczne i w pe\u0142ni biodegradowalne.<\/p>\n<p class=\"p1\">Kalita Wave 185 najlepiej wsp\u00f3\u0142pracuje z dripperami o p\u0142askim dnie, takimi jak Kalita w tym samym rozmiarze, ale je\u015bli masz podobny sprz\u0119t, r\u00f3wnie\u017c b\u0119d\u0105 dzia\u0142a\u0142y bez zarzutu. To \u015bwietna opcja dla os\u00f3b, kt\u00f3re kochaj\u0105 poranny rytua\u0142 i chc\u0105 uzyskiwa\u0107 wy\u015bmienity napar.<\/p>\n<\/div>\n<\/div>\n<\/div>\n","protected":false},"excerpt":{"rendered":"<div>Kolor: <strong>bia\u0142y<\/strong><br \/>\nMateria\u0142: <strong>papier<\/strong><br \/>\n<span class=\"def\">Size: <strong>185\/2-4 fili\u017canki<\/strong><br \/>\n<\/span><span class=\"def\">Quantity per package: <strong>100 szt.<\/strong><\/span><\/div>","protected":false},"featured_media":3804,"template":"","meta":{"_eb_attr":"","iawp_total_views":4},"product_brand":[],"product_cat":[44,92],"product_tag":[],"class_list":{"0":"post-3801","1":"product","2":"type-product","3":"status-publish","4":"has-post-thumbnail","6":"product_cat-akcesoria-kawowe","7":"product_cat-filtry-do-kawy","9":"first","10":"instock","11":"sold-individually","12":"purchasable","13":"product-type-simple"},"featured_image_urls":{"full":["https:\/\/dailycup.pl\/wp-content\/uploads\/2025\/11\/filtry-kalita_edited.webp",1024,1024,false],"thumbnail":["https:\/\/dailycup.pl\/wp-content\/uploads\/2025\/11\/filtry-kalita_edited-150x150.webp",150,150,true],"medium":["https:\/\/dailycup.pl\/wp-content\/uploads\/2025\/11\/filtry-kalita_edited-300x300.webp",300,300,true],"medium_large":["https:\/\/dailycup.pl\/wp-content\/uploads\/2025\/11\/filtry-kalita_edited-768x768.webp",768,768,true],"large":["https:\/\/dailycup.pl\/wp-content\/uploads\/2025\/11\/filtry-kalita_edited.webp",1024,1024,false],"1536x1536":["https:\/\/dailycup.pl\/wp-content\/uploads\/2025\/11\/filtry-kalita_edited.webp",1024,1024,false],"2048x2048":["https:\/\/dailycup.pl\/wp-content\/uploads\/2025\/11\/filtry-kalita_edited.webp",1024,1024,false],"trp-custom-language-flag":["https:\/\/dailycup.pl\/wp-content\/uploads\/2025\/11\/filtry-kalita_edited-12x12.webp",12,12,true],"woocommerce_archive_thumbnail":["https:\/\/dailycup.pl\/wp-content\/uploads\/2025\/11\/filtry-kalita_edited-500x500.webp",500,500,true],"mailpoet_newsletter_max":["https:\/\/dailycup.pl\/wp-content\/uploads\/2025\/11\/filtry-kalita_edited.webp",1024,1024,false],"woocommerce_thumbnail":["https:\/\/dailycup.pl\/wp-content\/uploads\/2025\/11\/filtry-kalita_edited-500x500.webp",500,500,true],"woocommerce_single":["https:\/\/dailycup.pl\/wp-content\/uploads\/2025\/11\/filtry-kalita_edited-600x600.webp",600,600,true],"woocommerce_gallery_thumbnail":["https:\/\/dailycup.pl\/wp-content\/uploads\/2025\/11\/filtry-kalita_edited-100x100.webp",100,100,true],"variation_swatches_image_size":["https:\/\/dailycup.pl\/wp-content\/uploads\/2025\/11\/filtry-kalita_edited-50x50.webp",50,50,true],"variation_swatches_tooltip_size":["https:\/\/dailycup.pl\/wp-content\/uploads\/2025\/11\/filtry-kalita_edited-100x100.webp",100,100,true]},"post_excerpt_stackable":"<div>Kolor: <strong>bia\u0142y<\/strong><br \/>\nMateria\u0142: <strong>papier<\/strong><br \/>\n<span class=\"def\">Rozmiar: <strong>185\/2-4 fili\u017canki<\/strong><br \/>\n<\/span><span class=\"def\">Ilo\u015b\u0107 w opakowaniu: <strong>100 szt.<\/strong><\/span><\/div>\n","category_list":"","author_info":{"name":"","url":""},"comments_num":"0 comments","_links":{"self":[{"href":"https:\/\/dailycup.pl\/en\/wp-json\/wp\/v2\/product\/3801","targetHints":{"allow":["GET"]}}],"collection":[{"href":"https:\/\/dailycup.pl\/en\/wp-json\/wp\/v2\/product"}],"about":[{"href":"https:\/\/dailycup.pl\/en\/wp-json\/wp\/v2\/types\/product"}],"wp:featuredmedia":[{"embeddable":true,"href":"https:\/\/dailycup.pl\/en\/wp-json\/wp\/v2\/media\/3804"}],"wp:attachment":[{"href":"https:\/\/dailycup.pl\/en\/wp-json\/wp\/v2\/media?parent=3801"}],"wp:term":[{"taxonomy":"product_brand","embeddable":true,"href":"https:\/\/dailycup.pl\/en\/wp-json\/wp\/v2\/product_brand?post=3801"},{"taxonomy":"product_cat","embeddable":true,"href":"https:\/\/dailycup.pl\/en\/wp-json\/wp\/v2\/product_cat?post=3801"},{"taxonomy":"product_tag","embeddable":true,"href":"https:\/\/dailycup.pl\/en\/wp-json\/wp\/v2\/product_tag?post=3801"}],"curies":[{"name":"wp","href":"https:\/\/api.w.org\/{rel}","templated":true}]}}